{"id":403,"date":"2015-09-18T09:30:29","date_gmt":"2015-09-18T14:30:29","guid":{"rendered":"http:\/\/polygon.thememove.com\/?page_id=403"},"modified":"2017-01-26T22:57:42","modified_gmt":"2017-01-27T03:57:42","slug":"news","status":"publish","type":"page","link":"http:\/\/diames.com\/de\/news\/","title":{"rendered":"MES Industrie Nachrichten"},"content":{"rendered":"<p>[vc_row][vc_column][vc_column_text]<\/p>\n<div class=\"entry-content\">\n<p>Mit Blogs stellen wir generelle Informationen zum Thema MES generell und insbesondere zum Thema\u00a0 proaktiven Produktionsmanagement Tool DIAMES im Kontext zu vielen Industrien zur Verf\u00fcgung. Informationen, wie die Produktivit\u00e4t und Effizienz im jeweils spezifischen und individuell gestalteten Produktionsbereich mit DIAMES nachhaltig verbessert werden kann.<\/p>\n<p>Wir m\u00f6chten dabei aufzeigen, wie mit DIAMES als f\u00fchrendes proaktives Produktionsmanagement Tool eingesetztes MES als eigenes InHouse System oder als gemietete Cloud Service L\u00f6sung eine h\u00f6here Produktivit\u00e4t und Effizienz des Produktionsbereiches erzielt werden kann. Kombiniert mit einer ad\u00e4quat umgesetzten Manufacturing Operation Management Methodik erzielt der DIAMES Anwender nachhaltig k\u00fcrzere Stillstands-, Warte- und Auftragsdurchlaufzeiten, sowie weniger Produktionsverluste und Ausschuss.<\/p>\n<p>DIAMES ist unsere MES und MOM basierte Antwort auf die aktuellen I4 oder IIoT Initiativen, um die physikalische Produktionslandschaft logisch in die neue produktionsnahen IT Welt einzubinden. Unser Ziel dabei ist, Informationen bez\u00fcglich \u201cup-to-date\u201d Technologie und \u201ccutting-edge\u201d Methodik bereitzustellen.<\/p>\n<p>Leser k\u00f6nnen lernen, wie sie Ihre Produktionsprozesse mit DIAMES als Technologie und MOM als angewandte Methodik nachhaltig verbessern k\u00f6nnen. Als international aktiver f\u00fchrender MES Anbieter ist es unser Ziel f\u00fcr m\u00f6glichst viele Produktionsindustrien individuell zugeschnittene kundenspezifische MES L\u00f6sungsans\u00e4tze im Kontext aller relevanten ERP Systemangeboten zu pr\u00e4sentieren.<\/p>\n<p>DIAMES soll dabei die bew\u00e4hrte MES Plattform sein, die rasch und effizient eine nachhaltige Verbesserung der vorgegebenen Produktionsprozesse in m\u00f6glichst vielen Industrien erm\u00f6glicht.<\/p>\n<p>Wir m\u00f6chten dabei f\u00fcr existierenden und zuk\u00fcnftige DIAMES Kunden in periodisch erscheinenden Blogs aufzeigen, wie unsere Technologie im Kontext der erw\u00e4hnten Methodologie eingesetzt wird und was die zu erwartenden oder bereits erzielten Resultate sind.<\/p>\n<p>Die periodisch erzeugten Blogs betreffen Themen wie:<\/p>\n<ul>\n<li>Technische und methodische Unterst\u00fctzungsbeispiele, wie h\u00f6here Produktivit\u00e4t und Effizienz erzielt werden kann,<\/li>\n<li>Beispiele wie DIAMES helfen kann, k\u00fcrzere Auftragsdurchlaufzeiten zu erzielen,<\/li>\n<li>Beispiele wie DIAMES helfen kann, k\u00fcrzere Stillstands- und Wartezeiten zu erzielen,<\/li>\n<li>Beispiele wie DIAMES helfen kann, I4 oder IIoT kompatible Produktionsumgebungen aufzubauen.<\/li>\n<\/ul>\n<p>Weil Technologie, Systeme generell und Methodik im MES Umfeld immer wieder \u00e4ndern, m\u00f6chten wir mit den Blogs generellen MES Neuerungen periodisch auch Rechnung tragen; dabei existierenden und zuk\u00fcnftigen Kunden die relevanten Informationen pr\u00e4gnant pr\u00e4sentieren.<\/p>\n<p>Wir freuen uns auf Kontakte mit Ihnen und beantworten gerne Ihre Fragen rund um das Thema MES.<\/p>\n<\/div>\n<p>[\/vc_column_text][\/vc_column][\/vc_row][vc_row][vc_column][thememove_blog type=&#8220;type02&#8243;][\/vc_column][\/vc_row]<\/p>","protected":false},"excerpt":{"rendered":"<p>[vc_row][vc_column][vc_column_text] Mit Blogs stellen wir generelle Informationen zum Thema MES generell und insbesondere zum Thema\u00a0 proaktiven Produktionsmanagement Tool DIAMES im Kontext zu vielen Industrien zur Verf\u00fcgung. Informationen, wie die Produktivit\u00e4t und Effizienz im jeweils spezifischen und individuell gestalteten Produktionsbereich mit DIAMES nachhaltig verbessert werden kann. Wir m\u00f6chten dabei aufzeigen, wie mit DIAMES als f\u00fchrendes proaktives [&hellip;]<\/p>\n","protected":false},"author":1,"featured_media":0,"parent":0,"menu_order":0,"comment_status":"closed","ping_status":"closed","template":"","meta":[],"_links":{"self":[{"href":"http:\/\/diames.com\/de\/wp-json\/wp\/v2\/pages\/403"}],"collection":[{"href":"http:\/\/diames.com\/de\/wp-json\/wp\/v2\/pages"}],"about":[{"href":"http:\/\/diames.com\/de\/wp-json\/wp\/v2\/types\/page"}],"author":[{"embeddable":true,"href":"http:\/\/diames.com\/de\/wp-json\/wp\/v2\/users\/1"}],"replies":[{"embeddable":true,"href":"http:\/\/diames.com\/de\/wp-json\/wp\/v2\/comments?post=403"}],"version-history":[{"count":19,"href":"http:\/\/diames.com\/de\/wp-json\/wp\/v2\/pages\/403\/revisions"}],"predecessor-version":[{"id":76322,"href":"http:\/\/diames.com\/de\/wp-json\/wp\/v2\/pages\/403\/revisions\/76322"}],"wp:attachment":[{"href":"http:\/\/diames.com\/de\/wp-json\/wp\/v2\/media?parent=403"}],"curies":[{"name":"wp","href":"https:\/\/api.w.org\/{rel}","templated":true}]}}