{"id":6,"date":"2016-09-23T15:04:31","date_gmt":"2016-09-23T15:04:31","guid":{"rendered":"http:\/\/iwebcontent.com\/diames\/?page_id=6"},"modified":"2020-01-21T07:05:33","modified_gmt":"2020-01-21T12:05:33","slug":"homepage","status":"publish","type":"page","link":"http:\/\/diames.com\/de\/","title":{"rendered":"Homepage"},"content":{"rendered":"<p>[vc_row full_width=&#8220;stretch_row_content&#8220;][vc_column][rev_slider_vc alias=&#8220;home-german&#8220;][\/vc_column][\/vc_row][vc_row css=&#8220;.vc_custom_1476509775774{padding-bottom: 30px !important;}&#8220;][vc_column][vc_custom_heading text=&#8220;DIAMES Echtzeit Information &#8220; font_container=&#8220;tag:h1|text_align:center&#8220; use_theme_fonts=&#8220;yes&#8220;][vc_column_text]<strong>Ein \u201cState of the Art\u201d MES wie DIAMES ist in der heutigen komplexen und fordernden Produktionswelt ein absolutes Muss, um proaktiv, effektiv und effizient Produktionsprozesse so zu f\u00fchren, dass alle Produktionsaktivit\u00e4ten dann stattfinden, wenn sie sollten. Dazu sind Produktionsinformationen zu Problemen vom Vortag echt alter Schnee und helfen in der Regel nicht akute Probleme zu l\u00f6sen, weil das neue Problem eine andere Ursache hat. DIAMES hat Funktionen und Eigenschaften, um Tendenzen gesch\u00e4ftskritischer Abweichungen fr\u00fchzeitig zu erkennen und damit zust\u00e4ndige Personen zu alarmieren und damit unmittelbar zu beheben. Das ist die zwingende Voraussetzung, um Produktionsprozesse unter Ber\u00fccksichtigung der existierenden Infrastruktur bez\u00fcglich Produktivit\u00e4t und Effizienz permanent, effizient und nachhaltig zu optimieren.<\/strong><\/p>\n<p>Dazu m\u00fcssen alle Produktionsaktivit\u00e4ten, wie z.B. Haupt-, Stillstands- und Wartezeiten, Produkte-Qualit\u00e4tsmerkmale, Leistungskennzahlen und Arbeitsfortschritt permanent erfasst und entsprechend verwaltet werden, um als Unternehmen erfolgreich zu bleiben und den Markt zu schlagen. Diese Daten m\u00fcssen dann anwendergerecht in Sch\u00fcsselkennzahlen, wie z.B. OEE umgesetzt und visualisiert werden[\/vc_column_text][vc_custom_heading text=&#8220;Die DIAMES Plattform erm\u00f6glicht:&#8220; font_container=&#8220;tag:h3|text_align:center&#8220; use_theme_fonts=&#8220;yes&#8220;][\/vc_column][\/vc_row][vc_row full_width=&#8220;stretch_row&#8220; gap=&#8220;30&#8243;][vc_column width=&#8220;1\/3&#8243;][vc_column_text]<img loading=\"lazy\" class=\"aligncenter wp-image-75970\" src=\"http:\/\/diames.com\/wp-content\/uploads\/2016\/10\/icon-efficiency.png\" alt=\"icon-efficiency\" width=\"60\" height=\"61\" \/><\/p>\n<h5 style=\"text-align: center;\">H\u00d6HERE EFFIZIENZ<\/h5>\n<p><span style=\"font-weight: 400;\">H\u00f6here Effizienz im Umfeld der Produktion basiert auf dem gezielten und sorgf\u00e4ltig geplanten Einsatz verf\u00fcgbarer Ressourcen, um Produktionsprozesse so auszuf\u00fchren, wie geplant und dabei unn\u00f6tige Zeit- und Materialverluste zu vermeiden. <\/span>[\/vc_column_text][\/vc_column][vc_column width=&#8220;1\/3&#8243;][vc_column_text]<img loading=\"lazy\" class=\"aligncenter wp-image-75971\" src=\"http:\/\/diames.com\/wp-content\/uploads\/2016\/09\/icon-productivity.png\" width=\"60\" height=\"60\" \/><\/p>\n<h5 style=\"text-align: center;\">H\u00d6HERE PRODUKTIVIT\u00c4T<\/h5>\n<p><span style=\"font-weight: 400;\">H\u00f6here Produktivit\u00e4t im Umfeld der Produktion basiert auf aktivem Vermeiden unn\u00f6tiger Stillstands- und Wartezeiten. Dem Ausf\u00fchren von Produktionsleistungen zeitgerecht und wie geplant. Rasches Reagieren, wenn gesch\u00e4ftskritische Abweichen sich ank\u00fcndigen.<\/span><\/p>\n<p>Auch viel, heute meistens nicht verf\u00fcgbare Manpower, k\u00f6nnte die umfassende DIAMES Funktionalit\u00e4t nicht so einfach ersetzen; sie ist einzigartig![\/vc_column_text][\/vc_column][vc_column width=&#8220;1\/3&#8243;][vc_column_text]<img loading=\"lazy\" class=\"aligncenter wp-image-75972\" src=\"http:\/\/diames.com\/wp-content\/uploads\/2016\/10\/icon-downtime.png\" alt=\"icon-downtime\" width=\"60\" height=\"61\" \/><\/p>\n<h5 style=\"text-align: center;\">WENIGER STILLSTANDS- UND WARTEZEITEN<\/h5>\n<p><span style=\"font-weight: 400;\">Weniger Stillstands- und Wartezeiten bedeutet direkt h\u00f6here Produktivit\u00e4t und Effizienz und weniger unn\u00f6tiger Verlust im Sinne des Unternehmens.<\/span>[\/vc_column_text][\/vc_column][\/vc_row][vc_row gap=&#8220;30&#8243;][vc_column width=&#8220;1\/3&#8243;][vc_column_text]<img loading=\"lazy\" class=\"aligncenter wp-image-75970\" src=\"http:\/\/diames.com\/wp-content\/uploads\/2016\/09\/icon-loss.png\" alt=\"icon-loss\" width=\"60\" height=\"61\" \/><\/p>\n<h5 style=\"text-align: center;\">WENIGER VERLUST<\/h5>\n<p><span style=\"font-weight: 400;\">Kleine nicht erkannte Probleme im Produktionsprozessablauf k\u00f6nnen Ursache gr\u00f6\u00dferer Problemf\u00e4lle mit entsprechendem signifikantem Verlust f\u00fcrs Unternehmen sein, wenn diese nicht zeitgerecht erkannt und eliminiert werden. <\/span><\/p>\n<p>DIAMES sollte helfen solche latenten Problemf\u00e4lle so fr\u00fch wie m\u00f6glich zu erkennen und damit den effektiven Verlust grunds\u00e4tzlich zu vermeiden. Weniger Verlust bedeutet unmittelbar mehr Profit!<br \/>\n[\/vc_column_text][\/vc_column][vc_column width=&#8220;1\/3&#8243;][vc_column_text]<img loading=\"lazy\" class=\"aligncenter wp-image-75971\" src=\"http:\/\/diames.com\/wp-content\/uploads\/2016\/10\/icon-scrap.png\" width=\"60\" height=\"60\" \/><\/p>\n<h5 style=\"text-align: center;\">WENIGER SCHROTT<\/h5>\n<p><span style=\"font-weight: 400;\">Die Produktion von Schrott kostet immer grunds\u00e4tzlich Material, Maschinen- und Bedienerzeit und kann h\u00e4ufig nicht wiederverwendet oder nur mit zus\u00e4tzlichem Aufwand intern Recycelt werden. Sonst fallen noch zus\u00e4tzliche Kosten f\u00fcr die Entsorgung an.<\/span><\/p>\n<p>Schrott ist also definitiv immer ein Verlustgesch\u00e4ft und zugleich verlorener Gewinn, eine Situation, die unter allen Bedingungen vermieden werden sollte!<br \/>\n[\/vc_column_text][\/vc_column][vc_column width=&#8220;1\/3&#8243;][vc_column_text]<img loading=\"lazy\" class=\"aligncenter wp-image-75972\" src=\"http:\/\/diames.com\/wp-content\/uploads\/2016\/10\/icon-cycle.png\" alt=\"icon-cycle\" width=\"60\" height=\"61\" \/><\/p>\n<h5 style=\"text-align: center;\">K\u00dcRZERE AUFTRAGSDURCHLAUFZEITEN<\/h5>\n<p><span style=\"font-weight: 400;\">K\u00fcrzere Auftragsdurlaufzeiten bedeutet weniger Kapitalbindung und in der Regel h\u00f6here Liefertreue. Ob damit auch mehr Produktionskapazit\u00e4t verf\u00fcgbar wird, h\u00e4ngt noch von mehreren anderen Faktoren ab.<\/span>[\/vc_column_text][\/vc_column][\/vc_row][vc_row full_width=&#8220;stretch_row_content&#8220; css=&#8220;.vc_custom_1481923675260{padding-top: 100px !important;padding-bottom: 100px !important;background-image: url(http:\/\/diames.com\/wp-content\/uploads\/2016\/09\/newBg.jpg?id=76275) !important;background-position: center !important;background-repeat: no-repeat !important;background-size: cover !important;}&#8220; el_class=&#8220;white-text&#8220;][vc_column][thememove_video_player url=&#8220;https:\/\/www.youtube.com\/watch?v=2uxoidC0DeA&#8220; player_color_hover=&#8220;#1f74ba&#8220; el_class=&#8220;center&#8220; player_color=&#8220;#000000&#8243;][vc_custom_heading text=&#8220;Watch Video&#8220; font_container=&#8220;tag:h2|text_align:center|color:%23000000&#8243; use_theme_fonts=&#8220;yes&#8220;][vc_custom_heading text=&#8220;&#8220; font_container=&#8220;tag:p|text_align:center&#8220; use_theme_fonts=&#8220;yes&#8220;][\/vc_column][\/vc_row][vc_row full_width=&#8220;stretch_row_content_no_spaces&#8220; equal_height=&#8220;yes&#8220; columns_same_height=&#8220;true&#8220; el_class=&#8220;white-text&#8220;][vc_column width=&#8220;1\/3&#8243; css=&#8220;.vc_custom_1476922170800{padding-top: 100px !important;padding-right: 50px !important;padding-bottom: 100px !important;padding-left: 50px !important;background-color: #222222 !important;}&#8220;][vc_column_text]<\/p>\n<h3>KUNDENLISTE<\/h3>\n<p><span style=\"font-weight: 400;\">Wir sind stolz und sch\u00e4tzen unsere weltweit verteilten DIAMES-Kunden insbesondere f\u00fcr ihre erzielten Verbesserungen, die sie mit unserer MES-L\u00f6sung erreicht haben.<\/span><\/p>\n<p><span style=\"border-radius: 2px; text-indent: 20px; width: auto; padding: 0px 4px 0px 0px; text-align: center; font: bold 11px\/20px 'Helvetica Neue',Helvetica,sans-serif; color: #ffffff; background: #bd081c no-repeat scroll 3px 50% \/ 14px 14px; position: absolute; opacity: 1; z-index: 8675309; display: none; cursor: pointer;\">Save<\/span><\/p>\n<p><span style=\"border-radius: 2px; text-indent: 20px; width: auto; padding: 0px 4px 0px 0px; text-align: center; font: bold 11px\/20px 'Helvetica Neue',Helvetica,sans-serif; color: #ffffff; background: #bd081c no-repeat scroll 3px 50% \/ 14px 14px; position: absolute; opacity: 1; z-index: 8675309; display: none; cursor: pointer;\">Save<\/span>[\/vc_column_text][vc_btn title=&#8220;FIND OUT MORE&#8220; style=&#8220;outline&#8220; shape=&#8220;square&#8220; color=&#8220;white&#8220; link=&#8220;url:http%3A%2F%2Fdiames.com%2Fclients%2F|||&#8220;][\/vc_column][vc_column width=&#8220;1\/3&#8243; css=&#8220;.vc_custom_1476922179825{padding-top: 100px !important;padding-right: 50px !important;padding-bottom: 100px !important;padding-left: 50px !important;background-color: #2e8be9 !important;}&#8220;][vc_column_text]<\/p>\n<h3>H\u00c4UFIG GESTELLTE FRAGEN<\/h3>\n<p>Dies ist der Fragenkatalog mit unseren Antworten auf h\u00e4ufig gestellte Fragen.<\/p>\n<p><span style=\"font-weight: 400;\">\u00a0<\/span><\/p>\n<p><span style=\"border-radius: 2px; text-indent: 20px; width: auto; padding: 0px 4px 0px 0px; text-align: center; font: bold 11px\/20px 'Helvetica Neue',Helvetica,sans-serif; color: #ffffff; background: #bd081c no-repeat scroll 3px 50% \/ 14px 14px; position: absolute; opacity: 1; z-index: 8675309; display: none; cursor: pointer;\">Save<\/span><\/p>\n<p><span style=\"border-radius: 2px; text-indent: 20px; width: auto; padding: 0px 4px 0px 0px; text-align: center; font: bold 11px\/20px 'Helvetica Neue',Helvetica,sans-serif; color: #ffffff; background: #bd081c no-repeat scroll 3px 50% \/ 14px 14px; position: absolute; opacity: 1; z-index: 8675309; display: none; cursor: pointer;\">Save<\/span>[\/vc_column_text][vc_btn title=&#8220;FIND OUT MORE&#8220; style=&#8220;outline&#8220; shape=&#8220;square&#8220; color=&#8220;white&#8220; link=&#8220;url:http%3A%2F%2Fdiames.com%2Ffaq%2F|||&#8220;][\/vc_column][vc_column width=&#8220;1\/3&#8243; css=&#8220;.vc_custom_1476922193168{padding-top: 100px !important;padding-right: 50px !important;padding-bottom: 100px !important;padding-left: 50px !important;background-color: #1674d1 !important;}&#8220;][vc_column_text]<\/p>\n<h3>DOWNLOADS<\/h3>\n<p><span style=\"font-weight: 400;\">Hier Dokumente zum DIAMES Produkte- und Komponentenportfolio.<br \/>\nWeitergehende Informationen, um DIAMES noch besser kennenzulernen. <\/span><\/p>\n<p><span style=\"border-radius: 2px; text-indent: 20px; width: auto; padding: 0px 4px 0px 0px; text-align: center; font: bold 11px\/20px 'Helvetica Neue',Helvetica,sans-serif; color: #ffffff; background: #bd081c no-repeat scroll 3px 50% \/ 14px 14px; position: absolute; opacity: 1; z-index: 8675309; display: none; cursor: pointer;\">Save<\/span><\/p>\n<p><span style=\"border-radius: 2px; text-indent: 20px; width: auto; padding: 0px 4px 0px 0px; text-align: center; font: bold 11px\/20px 'Helvetica Neue',Helvetica,sans-serif; color: #ffffff; background: #bd081c no-repeat scroll 3px 50% \/ 14px 14px; position: absolute; opacity: 1; z-index: 8675309; display: none; cursor: pointer;\">Save<\/span>[\/vc_column_text][vc_btn title=&#8220;FIND OUT MORE&#8220; style=&#8220;outline&#8220; shape=&#8220;square&#8220; color=&#8220;white&#8220; link=&#8220;url:http%3A%2F%2Fdiames.com%2Fdownloads%2F|||&#8220;][\/vc_column][\/vc_row][vc_row full_width=&#8220;stretch_row_content&#8220; content_placement=&#8220;middle&#8220; css=&#8220;.vc_custom_1476939359013{padding-top: 10px !important;}&#8220;][vc_column][vc_single_image image=&#8220;76030&#8243; img_size=&#8220;full&#8220; alignment=&#8220;center&#8220;][\/vc_column][\/vc_row][vc_row full_width=&#8220;stretch_row&#8220; content_placement=&#8220;middle&#8220; css=&#8220;.vc_custom_1476939374811{padding-top: 30px !important;padding-bottom: 100px !important;}&#8220;][vc_column][vc_custom_heading text=&#8220;VISUALISIERUNG DES TAGESGESCH\u00c4FTES&#8220; font_container=&#8220;tag:h2|text_align:center&#8220; use_theme_fonts=&#8220;yes&#8220;][vc_column_text]<\/p>\n<h4>Die Visualisierung des produktiven Tagesgesch\u00e4ftes schafft mit den Echtzeit Produktionsdaten im Hintergrund eine bessere Gesamt\u00fcbersicht \u00fcber die Detailsituation in der Produktion. Das gibt der Produktionsf\u00fchrung zus\u00e4tzliche M\u00f6glichkeiten die einzelnen Produktionsprozesse noch besser proaktiv aufeinander abzustimmen.<\/h4>\n<p>Das ist ebenfalls ein signifikantes Mittel um die Gesamtproduktivit\u00e4t des Unternehmens mit minimalem jedoch gezieltem Aufwand noch n\u00e4her an die 30% Marke zu bringen.<\/p>\n<p>[\/vc_column_text][\/vc_column][\/vc_row][vc_row][vc_column][vc_separator border_width=&#8220;3&#8243;][\/vc_column][\/vc_row][vc_row full_width=&#8220;stretch_row&#8220;][vc_column][vc_custom_heading text=&#8220;Neuigkeiten aus der MES Industrie&#8220; font_container=&#8220;tag:h1|text_align:center&#8220; use_theme_fonts=&#8220;yes&#8220;][vc_empty_space][thememove_recentposts show_title=&#8220;1&#8243; show_excerpt=&#8220;1&#8243; show_meta=&#8220;1&#8243; number=&#8220;2&#8243;][\/vc_column][\/vc_row][vc_row full_width=&#8220;stretch_row&#8220; css=&#8220;.vc_custom_1476931898674{margin-bottom: 0px !important;padding-top: 30px !important;padding-bottom: 30px !important;background-color: #1f74ba !important;}&#8220; el_class=&#8220;white-text&#8220;][vc_column width=&#8220;2\/3&#8243;][vc_column_text]<\/p>\n<h5>Das DIAMES Produkteportfolio umfasst Softwarekomponenten, um produktionsprozesskritische Sachverhalte unmittelbar bei ihrem Auftreten zu erkennen, deren Ursache proaktiv rasch und nachhaltig zu beheben.<\/h5>\n<h5>Erfasste Echtzeit Produktionsaktivit\u00e4tsinformationen sind dabei die bessere Wahl, als gesammelte Informationen von gestern. DIAMES Produktionsinformationen richtig und proaktiv genutzt erm\u00f6glicht f\u00fcr das Projekt Investment ein ROI von 3 \u2013 6 Monaten!<\/h5>\n<h3>Mehr \u00fcber DIAMES<\/h3>\n<p>[\/vc_column_text][\/vc_column][vc_column width=&#8220;1\/3&#8243;][vc_empty_space][vc_btn title=&#8220;CONTACT US&#8220; style=&#8220;outline&#8220; shape=&#8220;square&#8220; color=&#8220;white&#8220; align=&#8220;center&#8220; link=&#8220;url:%20http%3A%2F%2Fdiames.com%2Fcontact|||&#8220; el_class=&#8220;center&#8220;][\/vc_column][\/vc_row]<\/p>","protected":false},"excerpt":{"rendered":"<p>[vc_row full_width=&#8220;stretch_row_content&#8220;][vc_column][rev_slider_vc alias=&#8220;home-german&#8220;][\/vc_column][\/vc_row][vc_row css=&#8220;.vc_custom_1476509775774{padding-bottom: 30px !important;}&#8220;][vc_column][vc_custom_heading text=&#8220;DIAMES Echtzeit Information &#8220; font_container=&#8220;tag:h1|text_align:center&#8220; use_theme_fonts=&#8220;yes&#8220;][vc_column_text]Ein \u201cState of the Art\u201d MES wie DIAMES ist in der heutigen komplexen und fordernden Produktionswelt ein absolutes Muss, um proaktiv, effektiv und effizient Produktionsprozesse so zu f\u00fchren, dass alle Produktionsaktivit\u00e4ten dann stattfinden, wenn sie sollten. Dazu sind Produktionsinformationen zu Problemen vom Vortag echt [&hellip;]<\/p>\n","protected":false},"author":1,"featured_media":0,"parent":0,"menu_order":0,"comment_status":"closed","ping_status":"closed","template":"","meta":[],"_links":{"self":[{"href":"http:\/\/diames.com\/de\/wp-json\/wp\/v2\/pages\/6"}],"collection":[{"href":"http:\/\/diames.com\/de\/wp-json\/wp\/v2\/pages"}],"about":[{"href":"http:\/\/diames.com\/de\/wp-json\/wp\/v2\/types\/page"}],"author":[{"embeddable":true,"href":"http:\/\/diames.com\/de\/wp-json\/wp\/v2\/users\/1"}],"replies":[{"embeddable":true,"href":"http:\/\/diames.com\/de\/wp-json\/wp\/v2\/comments?post=6"}],"version-history":[{"count":81,"href":"http:\/\/diames.com\/de\/wp-json\/wp\/v2\/pages\/6\/revisions"}],"predecessor-version":[{"id":76378,"href":"http:\/\/diames.com\/de\/wp-json\/wp\/v2\/pages\/6\/revisions\/76378"}],"wp:attachment":[{"href":"http:\/\/diames.com\/de\/wp-json\/wp\/v2\/media?parent=6"}],"curies":[{"name":"wp","href":"https:\/\/api.w.org\/{rel}","templated":true}]}}