{"id":63,"date":"2016-09-24T18:20:59","date_gmt":"2016-09-24T23:20:59","guid":{"rendered":"http:\/\/diames.com\/?page_id=63"},"modified":"2017-01-26T23:36:12","modified_gmt":"2017-01-27T04:36:12","slug":"clients","status":"publish","type":"page","link":"http:\/\/diames.com\/de\/clients\/","title":{"rendered":"Client ShortList"},"content":{"rendered":"<p>[vc_row full_width=&#8220;stretch_row&#8220; css=&#8220;.vc_custom_1476938640715{padding-top: 50px !important;padding-bottom: 50px !important;background-image: url(http:\/\/diames.com\/wp-content\/uploads\/2016\/09\/bg-header.jpg?id=100) !important;}&#8220;][vc_column][vc_custom_heading text=&#8220;CLIENT SHORTLIST&#8220; font_container=&#8220;tag:h1|text_align:center|color:%23ffffff&#8220; use_theme_fonts=&#8220;yes&#8220;][\/vc_column][\/vc_row][vc_row][vc_column][vc_column_text]<\/p>\n<h4>Wir haben DIAMES Kunden auf vier Kontinenten.<\/h4>\n<p><strong>CSM hat DIAMES Kunden auf vier Kontinenten, die unsere moderne MES L\u00f6sung, jeweils kundenspezifisch konfiguriert und bei Bedarf entsprechend erweitert, benutzen.<\/strong><\/p>\n<p><strong>Hier eine Kundenkurzliste:<\/strong>[\/vc_column_text][\/vc_column][\/vc_row][vc_row][vc_column][vc_column_text]<img loading=\"lazy\" class=\"alignleft size-full wp-image-76158\" src=\"http:\/\/diames.com\/wp-content\/uploads\/2016\/09\/country_germany.png\" alt=\"country_germany\" width=\"50\" height=\"50\" \/><\/p>\n<h3>Germany<\/h3>\n<p>Nexans ist ein Drahtproduzent f\u00fcr die elektrische Industrie. DIAMES wurde 1999 installiert und in zusammen mit existierender Maschinen-Hardware einer klassischen BDE Infrastruktur implementiert. Das System umfasst 180 Produktionsmaschinen.<\/p>\n<p>Ziel der DIAMES Infrastruktur ist einen umfassenden detaillierten Schichtbericht \u00fcber jede einzelne Produktionsaktivit\u00e4t im Kontext der Vorgaben des Produktionsplanungssystems. Inklusive einer Alarmierung bei nicht geplanten Produktionsstopps der einzelnen angeschlossenen Maschinen, um m\u00f6glichst rasch mit einer kleinen Gruppe an Servicetechnikern gezielt reagieren zu k\u00f6nnen.<\/p>\n<p>DIAMES hat die MES Bed\u00fcrfnisse von Nexans f\u00fcr mehr als eine Dekade exakt erf\u00fcllt.<\/p>\n<p><span style=\"border-radius: 2px; text-indent: 20px; width: auto; padding: 0px 4px 0px 0px; text-align: center; font: bold 11px\/20px 'Helvetica Neue',Helvetica,sans-serif; color: #ffffff; background: #bd081c no-repeat scroll 3px 50% \/ 14px 14px; position: absolute; opacity: 1; z-index: 8675309; display: none; cursor: pointer;\">Save<\/span><\/p>\n<p><span style=\"border-radius: 2px; text-indent: 20px; width: auto; padding: 0px 4px 0px 0px; text-align: center; font: bold 11px\/20px 'Helvetica Neue',Helvetica,sans-serif; color: #ffffff; background: #bd081c no-repeat scroll 3px 50% \/ 14px 14px; position: absolute; opacity: 1; z-index: 8675309; display: none; cursor: pointer;\">Save<\/span>[\/vc_column_text][\/vc_column][\/vc_row][vc_row][vc_column][vc_column_text]<img loading=\"lazy\" class=\"alignleft size-full wp-image-76159\" src=\"http:\/\/diames.com\/wp-content\/uploads\/2016\/09\/country_southafrica.png\" alt=\"country_southafrica\" width=\"50\" height=\"50\" \/><\/p>\n<h3>S\u00fcdafrika<\/h3>\n<p>Aus historischen Gr\u00fcnden sind die meisten DIAMES Kunden in S\u00fcdafrika. Ein erster Kunde hatte 1985 die Entwicklung der DIAMES Plattform mit einem Erstprojekt begleitet und anschlie\u00dfend alle seine Werke mit der L\u00f6sung ausgestattet.<\/p>\n<p>Zum Kundenkreis geh\u00f6ren:<\/p>\n<ul>\n<li>Guestro Wheels Ltd.<\/li>\n<li>Aberdare Cables (Pty) Ltd<\/li>\n<li>Eloff St.<\/li>\n<li>Wadeville<\/li>\n<li>Jupiter<\/li>\n<li>Germiston<\/li>\n<li>Pretoria<\/li>\n<\/ul>\n<p>&nbsp;<\/p>\n<p>Alle Kunden geh\u00f6ren zu verschiedene Industriebranchen mit ihren eigenen Bed\u00fcrfnissen, wie z.B. Automotive, Draht &amp; Kabel, Kunststoff Spritzguss und Extrusion, sowie Stanzwerke f\u00fcr die Automobil Industrie und Wei\u00df Ware.<\/p>\n<p>DIAMES hat f\u00fcr diese Unternehmen \u00fcber die Jahre immer wieder angepasst und erweitert MES Funktionalit\u00e4ten zur Verf\u00fcgung gestellt, um neue ERP Systeme und Anforderungen an ge\u00e4nderte Produktionsprozesse zu unterst\u00fctzen. Diese Unternehmen konnten sich \u00fcber die Jahre alle gegen\u00fcber der Konkurrenz erfolgreicher positionieren.<\/p>\n<p>&nbsp;<\/p>\n<p><span style=\"border-radius: 2px; text-indent: 20px; width: auto; padding: 0px 4px 0px 0px; text-align: center; font: bold 11px\/20px 'Helvetica Neue',Helvetica,sans-serif; color: #ffffff; background: #bd081c no-repeat scroll 3px 50% \/ 14px 14px; position: absolute; opacity: 1; z-index: 8675309; display: none; cursor: pointer;\">Save<\/span><\/p>\n<p><span style=\"border-radius: 2px; text-indent: 20px; width: auto; padding: 0px 4px 0px 0px; text-align: center; font: bold 11px\/20px 'Helvetica Neue',Helvetica,sans-serif; color: #ffffff; background: #bd081c no-repeat scroll 3px 50% \/ 14px 14px; position: absolute; opacity: 1; z-index: 8675309; display: none; cursor: pointer;\">Save<\/span>[\/vc_column_text][\/vc_column][\/vc_row][vc_row][vc_column][vc_column_text]<\/p>\n<h3><img loading=\"lazy\" class=\"alignleft size-full wp-image-76160\" src=\"http:\/\/diames.com\/wp-content\/uploads\/2016\/09\/country_switzerland.png\" alt=\"country_switzerland\" width=\"50\" height=\"50\" \/> Switzerland \/ <img loading=\"lazy\" class=\"alignleft size-full wp-image-76157\" src=\"http:\/\/diames.com\/wp-content\/uploads\/2016\/09\/country_china.png\" alt=\"country_china\" width=\"50\" height=\"50\" \/> China<\/h3>\n<p>Huber + Suhner AG, ein international ausgerichteter Spezial-Draht &amp; Kabelproduzent mit zwei Werken vor Ort, ist seit mehr als 20 Jahren der Hauptkunde in der Schweiz.<\/p>\n<p>Das gefertigte Produktespektrum umfasst Komponenten f\u00fcr die Raumfahrt-, Flugzeug-, Auto- und Bahnindustrie. Das Unternehmen hatte mit einem ambiti\u00f6sen Projektplan und einem damals veralteten MRP System f\u00fcr die Produktionsplanung gestartet; nach 15 Monaten hatte das Unternehmen damals unter internen widrigen Bedingungen Break-Even erreicht. Auf der Basis eine nachhaltig eine h\u00f6here Produktivit\u00e4t und weniger Stillstandszeiten erzielt zu haben. Die Gesch\u00e4ftsleitung sagt, dass mit neuesten Erkenntnissen und aktuell verf\u00fcgbarer IT Infrastruktur w\u00fcrde dasselbe Resultat heute in weniger als sieben Monaten erzielt werden w\u00fcrde. Massive kundenspezifische Systemerweiterungen und SAP als nun dritte ERP Generation werden tagt\u00e4glich eingesetzt, um die Produktivit\u00e4t weiter nachhaltig zu verbessern.<\/p>\n<p>Huber + Suhner AG hat 2013 ein neues Draht &amp; Kabelwerk in Changzhou, China auf praktisch gr\u00fcner Wiese aufgebaut. Auch dieses Werk verf\u00fcg \u00fcber ein lokales DIAMES System mit chinesisch gepr\u00e4gter Benutzeroberfl\u00e4che. Das SAP System am Hauptsitz Schweiz wird auch f\u00fcr dieses Werk f\u00fcr die Produktionsplanung, mit Planern vor Ort in China eingesetzt.<\/p>\n<p>\u00dcber eine SSL\/VPN Verbindung ist CSM in der Lage das DIAMES System vor Ort aus den CSM Standorten direkt zu betreuen.<\/p>\n<p>Huber + Suhner AG started a new wire and cable plant in Changzhou, China in 2013. This plant is also our client with its own DIAMES platform with a Chinese end-user front-end interface.<\/p>\n<p><span style=\"border-radius: 2px; text-indent: 20px; width: auto; padding: 0px 4px 0px 0px; text-align: center; font: bold 11px\/20px 'Helvetica Neue',Helvetica,sans-serif; color: #ffffff; background: #bd081c no-repeat scroll 3px 50% \/ 14px 14px; position: absolute; opacity: 1; z-index: 8675309; display: none; cursor: pointer;\">Save<\/span><\/p>\n<p><span style=\"border-radius: 2px; text-indent: 20px; width: auto; padding: 0px 4px 0px 0px; text-align: center; font: bold 11px\/20px 'Helvetica Neue',Helvetica,sans-serif; color: #ffffff; background: #bd081c no-repeat scroll 3px 50% \/ 14px 14px; position: absolute; opacity: 1; z-index: 8675309; display: none; cursor: pointer;\">Save<\/span>[\/vc_column_text][\/vc_column][\/vc_row][vc_row][vc_column][vc_column_text]<img loading=\"lazy\" class=\"alignleft size-full wp-image-76161\" src=\"http:\/\/diames.com\/wp-content\/uploads\/2016\/09\/country_usa.png\" alt=\"country_usa\" width=\"50\" height=\"50\" \/><\/p>\n<h3>United States<\/h3>\n<p>Alpine Engineered Products Inc. in Litchfield, IL benutzt DIAMES f\u00fcr die proaktive Produktionsf\u00fchren der 20 halbautomatischen Metallpressen seit 2000.\u00a0 Das Werk arbeitet in der Regel 7 x 16 oder zu Spitzenzeiten 7 x 24 Stunden. Das Produktportfolio des Unternehmens sind geformte Metallplatten f\u00fcr amerikanische Dachkonstruktionen. Das ERP System ist seit 2000 BaaN; es wird demn\u00e4chst mit Microsoft Dynamics abgel\u00f6st. DIAMES als MES ist auch mit neuem ERP immer noch gesetzt.<\/p>\n<p>Der neu implementierte Kanban Produktionsprozess wird von DIAMES ebenfalls wunschgem\u00e4\u00df logisch unterst\u00fctzt. Ebenfalls die kundenspezifisch eingebundenen automatischen Stapler-Roboter und die In-Line Drucker f\u00fcr unmittelbare die Warenauszeichnung entlang der F\u00f6rderb\u00e4nder.<\/p>\n<p><span style=\"border-radius: 2px; text-indent: 20px; width: auto; padding: 0px 4px 0px 0px; text-align: center; font: bold 11px\/20px 'Helvetica Neue',Helvetica,sans-serif; color: #ffffff; background: #bd081c no-repeat scroll 3px 50% \/ 14px 14px; position: absolute; opacity: 1; z-index: 8675309; display: none; cursor: pointer;\">Save<\/span><\/p>\n<p><span style=\"border-radius: 2px; text-indent: 20px; width: auto; padding: 0px 4px 0px 0px; text-align: center; font: bold 11px\/20px 'Helvetica Neue',Helvetica,sans-serif; color: #ffffff; background: #bd081c no-repeat scroll 3px 50% \/ 14px 14px; position: absolute; opacity: 1; z-index: 8675309; display: none; cursor: pointer;\">Save<\/span>[\/vc_column_text][\/vc_column][\/vc_row][vc_row][vc_column][vc_column_text]<em>* CSM respektiert gezeichnete Geheimhaltungsvereinbarungen und erw\u00e4hnt diese Kunden nicht in den Publikationen und Pr\u00e4sentatione.<\/em>[\/vc_column_text][\/vc_column][\/vc_row]<\/p>","protected":false},"excerpt":{"rendered":"<p>[vc_row full_width=&#8220;stretch_row&#8220; css=&#8220;.vc_custom_1476938640715{padding-top: 50px !important;padding-bottom: 50px !important;background-image: url(http:\/\/diames.com\/wp-content\/uploads\/2016\/09\/bg-header.jpg?id=100) !important;}&#8220;][vc_column][vc_custom_heading text=&#8220;CLIENT SHORTLIST&#8220; font_container=&#8220;tag:h1|text_align:center|color:%23ffffff&#8220; use_theme_fonts=&#8220;yes&#8220;][\/vc_column][\/vc_row][vc_row][vc_column][vc_column_text] Wir haben DIAMES Kunden auf vier Kontinenten. CSM hat DIAMES Kunden auf vier Kontinenten, die unsere moderne MES L\u00f6sung, jeweils kundenspezifisch konfiguriert und bei Bedarf entsprechend erweitert, benutzen. Hier eine Kundenkurzliste:[\/vc_column_text][\/vc_column][\/vc_row][vc_row][vc_column][vc_column_text] Germany Nexans ist ein Drahtproduzent f\u00fcr die elektrische Industrie. DIAMES wurde [&hellip;]<\/p>\n","protected":false},"author":1,"featured_media":0,"parent":0,"menu_order":0,"comment_status":"closed","ping_status":"closed","template":"","meta":[],"_links":{"self":[{"href":"http:\/\/diames.com\/de\/wp-json\/wp\/v2\/pages\/63"}],"collection":[{"href":"http:\/\/diames.com\/de\/wp-json\/wp\/v2\/pages"}],"about":[{"href":"http:\/\/diames.com\/de\/wp-json\/wp\/v2\/types\/page"}],"author":[{"embeddable":true,"href":"http:\/\/diames.com\/de\/wp-json\/wp\/v2\/users\/1"}],"replies":[{"embeddable":true,"href":"http:\/\/diames.com\/de\/wp-json\/wp\/v2\/comments?post=63"}],"version-history":[{"count":15,"href":"http:\/\/diames.com\/de\/wp-json\/wp\/v2\/pages\/63\/revisions"}],"predecessor-version":[{"id":76327,"href":"http:\/\/diames.com\/de\/wp-json\/wp\/v2\/pages\/63\/revisions\/76327"}],"wp:attachment":[{"href":"http:\/\/diames.com\/de\/wp-json\/wp\/v2\/media?parent=63"}],"curies":[{"name":"wp","href":"https:\/\/api.w.org\/{rel}","templated":true}]}}