{"id":72,"date":"2016-09-24T18:27:55","date_gmt":"2016-09-24T23:27:55","guid":{"rendered":"http:\/\/diames.com\/?page_id=72"},"modified":"2017-01-26T23:50:02","modified_gmt":"2017-01-27T04:50:02","slug":"faq","status":"publish","type":"page","link":"http:\/\/diames.com\/de\/faq\/","title":{"rendered":"H\u00e4ufig gestellte Fragen"},"content":{"rendered":"<p>[vc_row][vc_column][vc_tta_accordion][vc_tta_section title=&#8220;Was ist DIAMES?&#8220; tab_id=&#8220;faq-01&#8243;][vc_column_text]<\/p>\n<p>DIAMES ist eine MES Software das ERP komplement\u00e4re Funktionen bereitstellt, um Arbeitsg\u00e4nge von Produktionsauftr\u00e4gen durch den physischen Produktionsprozess proaktiv zu begleiten. Das Softwareprodukt basiert auf einer ereignisorientierten Echtzeit Struktur.<\/p>\n<p>DIAMES \u00fcbernimmt vom \u00fcbergeordneten ERP System Produktionsplanungsdaten und \u00fcbergibt ereignisgesteuert Produktionsaktivit\u00e4ts\u00addaten der aktiven Arbeitsg\u00e4nge online an das ERP System zur\u00fcck. Damit wird der prim\u00e4re Informationskreislauf zum Zeitpunkt der der effektiven Ausf\u00fchrung quasi zeitverzugslos geschlossen.<\/p>\n<p>Mit mobilem Apps auf Smart Phones und Tablets haben Maschinenbediener Zugang zu den relevanten Produktionsdaten f\u00fcr Ihren Produktionsarbeitsplatz und k\u00f6nnen direkt und online vor Ort MES relevante R\u00fcckmeldungen zu ihrer Arbeit auf dem DIAMES System machen. Mit der Bediener-Anmeldung bei Arbeitsbeginn und Abmeldung bei Schichtende f\u00fcr den Arbeitsplatz auf dem DIAMES System entsteht eine logische Verbindung zwischen Bediener, Arbeitsplatz und den jeweils aktiven Arbeitsg\u00e4ngen. Wenn immer m\u00f6glich werden physikalische Produktionsaktivit\u00e4tsdaten mit entsprechenden Systemkompo\u00adnenten direkt und automatisch erfasst, um manuelle Meldungen so weit wie m\u00f6glich zu minimieren.<\/p>\n<p>Produktionsaktivit\u00e4ten und zugeh\u00f6rige Leistungskennzahlen stellt DIAMES direkt und online in Form von frei definierbarer Berichten zur Verf\u00fcgung oder optional in einer extern zugeordneten SQL Datenbank. Die Visualisierung der von DIAMES verwalteten Daten erfolgt \u00fcber das Firmennetzwerk mit kundenspezifisch konfigurierbaren DIAMES Shop Floor Tool Applikationen, aufgabebezogen, gem\u00e4\u00df definiertem Zugriffsprofil auf den zugeteilten PCs oder mobilen Tablets. Dabei gibt es drei Arbeitsgang-Zeithorizonte: geplant, aktiv oder abgeschlossenen \u00fcber die Hierarchien der einzelnen auf ERP geplanten Produktions\u00adauftr\u00e4ge und zugeh\u00f6rige Arbeitsg\u00e4nge.<\/p>\n<p>Ein besonderes Leistungsmerkmal von DIAMES ist die F\u00e4higkeit permanent kunden\u00adspe\u00adzifisch definierte gesch\u00e4ftskritische Abweichungen zwischen der Produktionsplanung und deren Ausf\u00fchrung schon als Tendenz zu erkennen und diese Information zur un\u00admittelbaren Alarmierung zust\u00e4ndiger Personen zu verwenden. Das ist die Basis f\u00fcr die proaktive Produktionsf\u00fchrung, bevor das eigentliche Problem effektiv schon ansteht.<\/p>\n<p>DIAMES tauscht Informationen zwischen Produktionsplanung auf ERP und deren Ausf\u00fchrung im Produktionsbereich bidirektional aus. Die Applikation verwaltet Produktionsdaten und hat Mittel, um \u00fcber weitere Applikationen diese Daten spezifisch und anwendergerecht zu visualisieren, unter Ber\u00fccksichtigung von bestehenden Beziehungen und Abh\u00e4ngigkeiten.[\/vc_column_text][\/vc_tta_section][vc_tta_section title=&#8220;Wieso ist DIAMES wichtig?&#8220; tab_id=&#8220;faq-02&#8243;][vc_column_text]ERP Systeme k\u00f6nnen Kundenauftr\u00e4ge \u00fcber Materialbedarfs-, Arbeitsprozess- und Kompetenzbeziehungen in Produktionsauftr\u00e4ge umsetzen. Im besten Fall auch noch eine Feinplanungsfunktion f\u00fcr die Auftragserf\u00fcllung im Kontext mit der bereits bestehenden Arbeitsplatzauslastung der am neuen Produktionsauftrag beteiligten Arbeitspl\u00e4tze \u2013 zum Zeitpunkt des Planungsprozesses \u2013 einsetzen.<\/p>\n<p>DIAMES benutzt die Produktionsplanungsdaten vom ERP und kann dann mit DIAMES eigenen Planungsvisualisierungstools noch auf Engp\u00e4sse eingehen, die wegen Abweichungen in der Produktionsausf\u00fchrung kurzfristig aufgetreten sind. Insbesondere bei Produktionsauslastproblemen, die au\u00dferhalb der Arbeitszeiten der Produktionsplaner auftreten.<\/p>\n<p>Mit diesen DIAMES spezifischen Funktionen und dem Ansatz der proaktiven Produktionsf\u00fchrung bei Ausnahmesituationen bietet DIAMES einzigartige Mittel und M\u00f6glichkeiten an, um die Produktivit\u00e4t und Effizienz von Produktionsprozessen nachhaltig zu verbessern.<\/p>\n<p>Das wird insbesondere eine zwingend geforderte Funktionalit\u00e4t im Kontext mit der Umsetzung der I4 resp. IIoT Initiative f\u00fcr \u201cSmart Manufacturing\u201d Szenarios.<\/p>\n<p>Individuell visualisierte und online konsolidierte Produktionsdaten f\u00fcr Bediener, Meister und Vorgesetzte sind der Baustein, um wie gefordert die Produktivit\u00e4t und Effizienz von Produktionsprozessen nachhaltig verbessern zu k\u00f6nnen \u2013 bei Verwendung der existierenden Produktionsinfrastruktur.[\/vc_column_text][\/vc_tta_section][vc_tta_section title=&#8220;Was ist der effektive Nutzen von DIAMES?&#8220; tab_id=&#8220;faq-04&#8243;][vc_column_text]Einzigartige Echtzeit-basierte DIAMES Funktionalit\u00e4ten erm\u00f6glichen auf der Basis aktueller Produktionsaktivit\u00e4tsdaten rascher und effizienter auf tendenzielle Ausnahmesituationen zu reagieren und verlustbehaftete Ausnahmen zu vermeiden. Wir nennen das \u201eManagement by potential Exception\u201c. Falls Ausnahmen trotzdem auftreten, k\u00f6nnen diese mit \u201eManagement by Exception\u201c kompetent und unmittelbar behoben und der nun effektive auftretende Verlust minimiert werden.<\/p>\n<p>Ohne diese DIAMES Funktionalit\u00e4ten k\u00f6nnen dieselben Vermeidungs-\/Verbesserungs\u00adfunktionen nur mit gr\u00f6\u00dftem, heute nicht verf\u00fcgbarem, personellen Aufwand umgesetzt werden. Au\u00dfer MES gibt es heute keine Systeme, die fl\u00e4chendeckend einen ganzen Produktionsbereich umfassend mit der gleichen Zielsetzung bedienen k\u00f6nnen.<\/p>\n<p>Wichtig ist dabei, dass alle Produktionsaktivit\u00e4ten f\u00fcr alle Produktionsressoucen als Ganzes unter Echtzeit-Bedingung erfasst und bewertet werden. L\u00fccken werden zu schwarzen Informationsl\u00f6chern in denen sich dann die effektiven Verluste versteckt kumulieren!<\/p>\n<p>Zudem sollten insbesondere Produktionsmaschinen mit Elementen f\u00fcr eine automatische MES-relevante Datenerfassung ausger\u00fcstet werden. Nur so kann die Datenaktualit\u00e4t und Genauigkeit maximiert werden.<\/p>\n<p>Die erw\u00e4hnten DIAMES Funktionen und Leistungsmerkmale haben f\u00fcr ein Unternehmen den gr\u00f6\u00dferen und nachhaltigeren Nutzen als eine Investition der gleichen Gr\u00f6\u00dfenordnung in ein Automatisierungsprojekt ausgesuchter Maschinen erbringen kann. Die fl\u00e4chendeckende Wirkung von DIAMES als einzigartige MES Plattform schafft den dringend notwendigen Nutzen im Kontext der anstehenden Umsetzung der I4 resp. IIoT Initiativen.[\/vc_column_text][\/vc_tta_section][vc_tta_section title=&#8220;Welche Branchen der Produktionsindustrie nutzen DIAMES?&#8220; tab_id=&#8220;faq-05&#8243;][vc_column_text]DIAMES basiert auf einer universellen, flexiblen \u00fcber viele Systemans\u00e4tze gewachsenen Plattform; angefangen mit klassischen BDE Systemfunktionen in den 80er Jahren und aktuell gem\u00e4\u00df ISA95 und VDI5600 Standards definierten Funktionalit\u00e4ten.<\/p>\n<p>Mit der aktuellsten DIAMES Version k\u00f6nnen prinzipiell alle prozess- und diskret-orientierten Fertigungsprozesse erfasst und verwaltet werden. Inklusive artreine Montageprozesse.<\/p>\n<p>Ganz spezifische MES Eigenschaften f\u00fcr die Pharmaindustrie sind in die DIAMES Plattform aktuell nicht eingepflegt, weil noch kein entsprechendes Projekt umgesetzt wurde. Ebenfalls spezifische MES Eigenschaften f\u00fcr die Automobil Endmontage fehlen bei DIAMES heute.<\/p>\n<p>Das weltweite Kundenportfolio und unsere Erfahrung umfasst viele Branchen; inklusive auch einige Exoten. Neue Branchen sind f\u00fcr uns eine Herausforderung, die jeweils mit dem umfassenden Verst\u00e4ndnis f\u00fcr die besonderen Fertigungsprozesse beginnt.<\/p>\n<p>CSM hat auch schon Projekte nicht umgesetzt, weil die Anforderungen auch nach l\u00e4ngerem Nachdenken nicht DIAMES kompatibel umgesetzt werden konnten.<\/p>\n<p>Das heute verf\u00fcgbare DIAMES L\u00f6sungsportfolio basiert auf mehr als 30 Jahre weltweiter Umsetzerfahrung.[\/vc_column_text][\/vc_tta_section][vc_tta_section title=&#8220;Unterst\u00fctzt DIAMES alle relevanten ERP Systeme?&#8220; tab_id=&#8220;faq-06&#8243;][vc_column_text]<\/p>\n<p>F\u00fcr die logische DIAMES ERP Verbindung mit Systemen wie z.B. JD-Edwards\u2122, Microsoft Navision\u2122, PeopleSoft\u2122 und SAP\u2122 existieren konfigurierbare WebService Komponenten. F\u00fcr klassische legacy ERP Plattformen ohne WebService Funktionalit\u00e4t existiert ebenfalls ein strukturierter Filebasierter Datenaustausch-Mechanismus.<\/p>\n<p>Minimales ERP einer KMU kann auch ein Excel-basiertes Produktionsplanungssystem sein. Falls ein kleines Produktionsunternehmen eine sehr kleine wiederkehrende Produktepalette hat, kann die Produktionsplanung auch \u00fcber Vorlagen\/Schablonen direkt auf DIAMES erfolgen.[\/vc_column_text][\/vc_tta_section][vc_tta_section title=&#8220;Wo und wie kann ich DIAMES nutzen und betreiben?&#8220; tab_id=&#8220;faq-07&#8243;][vc_column_text]<\/p>\n<p>Der DIAMES Server kann als virtueller Windows Server beim Kunden intern im lokalen Netzwerk platziert oder als gemieteter virtueller Windows Server bei einem renommierten Serviceanbieter im eigenen Land als SaaS L\u00f6sung aufgesetzt sein.<\/p>\n<p>In beiden F\u00e4llen stehen B\u00fcro Mitarbeitern aller Stufen gesicherte DIAMES Shop Floor Tools als Windows Programme f\u00fcr PCs im LAN oder auf mobilen Windows Tablets mit WLAN Zugang zur Verf\u00fcgung.<\/p>\n<p>F\u00fcr den Produktionsbereich stehen DIAMES Apps f\u00fcr Android, iOS oder Windows Mobile Smart Phones oder Tablets zum DownLoad auf der entsprechenden Store-Plattform bereit. Diese k\u00f6nnen individuell den Benutzern auf den einzelnen Produktionsarbeitspl\u00e4tzen oder zentralisiert einer Gruppe von Arbeitspl\u00e4tzen zugewiesen sein.<\/p>\n<p>Ein DIAMES Kunde erwirbt ein B\u00fcndel gleichzeitig nutzbarer Lizenzen der einzelnen DIAMES Shop Floor Tools Programme oder Apps; entsprechend den Bed\u00fcrfnissen des Unternehmens. Wenn ein Benutzer eine genutzte Lizenz freigibt, so kann diese von einem anderen Benutzer eingesetzt werden. Die Nutzung wird dynamisch \u00fcber einen DIAMES internen Slot-Mechanismus geregelt.[\/vc_column_text][\/vc_tta_section][vc_tta_section title=&#8220;Wieviel kostet ein DIAMES?&#8220; tab_id=&#8220;faq-08&#8243;][vc_column_text]Wie bei den meisten Softwareprodukten sind die Kosten von Faktoren abh\u00e4ngig. Zum Beispiel von der Anzahl verwalteter Produktionsarbeitspl\u00e4tze, der Anzahl gleichzeitig akzeptierter Systembenutzern. Ebenfalls die Art der ERP Anbindung und kundenspe\u00adzifischer Zusatzfunktionen, die ab Beginn des DIAMES Betriebes verf\u00fcgbar sein m\u00fcssen.<\/p>\n<p>Neben den Software Lizenzkosten gibt es noch Installations- und Konfigurationskosten.<\/p>\n<p>Der allgemeine Standard-Kostenrahmen f\u00fcr die DIAMES System Gr\u00f6\u00dfen 10, 30, 50 und 100 Produktionsarbeitspl\u00e4tze ist, wenn alle Kosten f\u00fcr Lizenzen, ERP Anschluss, Installation, Konfiguration und Ausbildung eingerechnet werden \u2013 monatliche Service-Leistung inklusive Service-Level Agreement Komponente:<\/p>\n<table>\n<tbody>\n<tr>\n<td>Anzahl Produktions-arbeitspl\u00e4tze<\/td>\n<td>Anzahl Systembenutzer<\/td>\n<td>Initial CAPEX Kosten [EUR]<\/td>\n<td>Monatliche Service Kosten [EUR]<\/td>\n<\/tr>\n<tr>\n<td>10<\/td>\n<td>3<\/td>\n<td>70\u2018000.00<\/td>\n<td>4\u2018000.00<\/td>\n<\/tr>\n<tr>\n<td>30<\/td>\n<td>6<\/td>\n<td>150\u2018000.00<\/td>\n<td>10\u2018000.00<\/td>\n<\/tr>\n<tr>\n<td>50<\/td>\n<td>10<\/td>\n<td>200\u2018000.00<\/td>\n<td>15\u2018000.00<\/td>\n<\/tr>\n<tr>\n<td>100<\/td>\n<td>18<\/td>\n<td>300\u2018000.00<\/td>\n<td>25\u2018000.00<\/td>\n<\/tr>\n<\/tbody>\n<\/table>\n<p>Die Economics of Scale Komponente ist auf Grund der minimal ben\u00f6tigten Basisfunktionen betr\u00e4chtlich, diese fallen unabh\u00e4ngig von der DIAMES Systemgr\u00f6\u00dfe an.<\/p>\n<p>CSM bietet zus\u00e4tzlich ein Non-CAPEX Gesch\u00e4ftsmodell an, bei dem die CAPEX Kosten vertraglich definiert mit einem Zuschlag \u00fcber 60 Monate zusammen mit den monatlichen Service Kosten abbezahlt werden. Analog wie heute teure Investitionen f\u00fcr Maschinen und andere G\u00fcter \u00fcber einen Leasingvertrag abbezahlt werden.<\/p>\n<p>Der f\u00fcr Sie zust\u00e4ndige DIAMES Berater wird Ihnen helfen mit dem auf Ihr Unternehmen zugeschnittenen DIAMES Angebot einen effektiven Kosten- und Projektzeitrahmen zu definieren \u2013 als CAPEX oder alternativ als Non-CAPEX Modell.<\/p>\n<p>F\u00fcr eine ROI Absch\u00e4tzung k\u00f6nnen Sie die f\u00fcr Ihr Unternehmen g\u00fcltige DIAMES Systemgr\u00f6\u00dfe nehmen und die CAPEX Kosten durch die Anzahl Maschinen teilen und dabei auch die monatlichen Servicekosten pro Maschine ber\u00fccksichtigen. Diesen Wert setzen Sie in den Kontext des finanziellen Wertes einer Produktivit\u00e4tsverbesserung pro Produktionsmaschine von konservativ gerechnet 15%. Denke, dass diese Zahlen individuell pro Maschinentyp gerechnet werden sollten.<\/p>\n<p>Uns ist keine Technologie oder eigenst\u00e4ndige Methodik bekannt, die fl\u00e4chendeckende Produktivit\u00e4tsverbesserungen \u00fcber einen ganzen Produktionsbereich in der gleichen Gr\u00f6\u00dfenordnung erm\u00f6glichen.<\/p>\n<p>Die heutige DIAMES Funktionalit\u00e4t hat sich aus einfachen Vorgaben \u00fcber mehr als drei\u00dfig Jahre zusammen mit fordernden Kunden zum heutigen weltweit akzeptierten MES Produkt entwickelt. Es erf\u00fcllt neben DIAMES spezifischen einzigartigen Funktionen auch die mit ISA95 und VDI 5600 gesetzten MES Standards.[\/vc_column_text][\/vc_tta_section][\/vc_tta_accordion][\/vc_column][\/vc_row]<\/p>","protected":false},"excerpt":{"rendered":"<p>[vc_row][vc_column][vc_tta_accordion][vc_tta_section title=&#8220;Was ist DIAMES?&#8220; tab_id=&#8220;faq-01&#8243;][vc_column_text] DIAMES ist eine MES Software das ERP komplement\u00e4re Funktionen bereitstellt, um Arbeitsg\u00e4nge von Produktionsauftr\u00e4gen durch den physischen Produktionsprozess proaktiv zu begleiten. Das Softwareprodukt basiert auf einer ereignisorientierten Echtzeit Struktur. DIAMES \u00fcbernimmt vom \u00fcbergeordneten ERP System Produktionsplanungsdaten und \u00fcbergibt ereignisgesteuert Produktionsaktivit\u00e4ts\u00addaten der aktiven Arbeitsg\u00e4nge online an das ERP System zur\u00fcck. Damit [&hellip;]<\/p>\n","protected":false},"author":1,"featured_media":0,"parent":0,"menu_order":0,"comment_status":"closed","ping_status":"closed","template":"","meta":[],"_links":{"self":[{"href":"http:\/\/diames.com\/de\/wp-json\/wp\/v2\/pages\/72"}],"collection":[{"href":"http:\/\/diames.com\/de\/wp-json\/wp\/v2\/pages"}],"about":[{"href":"http:\/\/diames.com\/de\/wp-json\/wp\/v2\/types\/page"}],"author":[{"embeddable":true,"href":"http:\/\/diames.com\/de\/wp-json\/wp\/v2\/users\/1"}],"replies":[{"embeddable":true,"href":"http:\/\/diames.com\/de\/wp-json\/wp\/v2\/comments?post=72"}],"version-history":[{"count":7,"href":"http:\/\/diames.com\/de\/wp-json\/wp\/v2\/pages\/72\/revisions"}],"predecessor-version":[{"id":76328,"href":"http:\/\/diames.com\/de\/wp-json\/wp\/v2\/pages\/72\/revisions\/76328"}],"wp:attachment":[{"href":"http:\/\/diames.com\/de\/wp-json\/wp\/v2\/media?parent=72"}],"curies":[{"name":"wp","href":"https:\/\/api.w.org\/{rel}","templated":true}]}}