{"id":75985,"date":"2016-10-19T22:35:14","date_gmt":"2016-10-20T03:35:14","guid":{"rendered":"http:\/\/diames.com\/?page_id=75985"},"modified":"2017-01-26T22:50:13","modified_gmt":"2017-01-27T03:50:13","slug":"workstation","status":"publish","type":"page","link":"http:\/\/diames.com\/de\/products\/workstation\/","title":{"rendered":"Work Station"},"content":{"rendered":"<p>[vc_row full_width=&#8220;stretch_row&#8220; css=&#8220;.vc_custom_1476494250517{padding-top: 50px !important;padding-bottom: 50px !important;background-image: url(http:\/\/diames.com\/wp-content\/uploads\/2016\/09\/bg-header.jpg?id=100) !important;}&#8220;][vc_column][vc_custom_heading text=&#8220;WORKSTATION&#8220; font_container=&#8220;tag:h1|text_align:center|color:%23ffffff&#8220; use_theme_fonts=&#8220;yes&#8220;][vc_custom_heading text=&#8220;<br \/>\n&#8220; font_container=&#8220;tag:h3|text_align:center|color:%23ffffff&#8220; use_theme_fonts=&#8220;yes&#8220;][\/vc_column][\/vc_row][vc_row][vc_column][vc_column_text]<\/p>\n<h3>Shop Floor Tools<\/h3>\n<p>DIAMES Endbenutzer verwenden die lizensierten Microsoft Windows basierten DIAMES Shop Floor Tool Applikationen auf Windows basierten PCs und Tablets f\u00fcr die Visualisierung der auf dem DIAMES Server verwalteten Produktionsdaten und f\u00fcr F\u00fchrungsaufgaben in Zusammenarbeit mit der Produktion.<\/p>\n<p>Der gesicherte Zugriff auf Produktionsdaten auf dem DIAMES Server erfolgt \u00fcber LAN, WLAN oder Internet Verbindung; abh\u00e4ngig von der jeweilig unterst\u00fctzten IT Welt.<\/p>\n<h4>DIAMES-CPC: Compact Production Console<\/h4>\n<p>DIAMES-CPC ist eine Shop Floor Tool Windowsapplikation, die als textuelles Frontend auf einem Touch Panel PC Bediener an ihrem Produktionsarbeitsplatz den Datenaustausch mit dem DIAMES Server erm\u00f6glicht.<\/p>\n<p>Bediener melden sich f\u00fcr den Arbeitsplatz bei Arbeitsbeginn an- und bei Schichtende ab, w\u00e4hlen und starten den n\u00e4chsten Arbeitsgang aus dem Produktionsprogramm, das der DIAMES Server vom ERP \u00fcbernommen hat. Arbeitsunterbruch oder Abschluss meldet er online an den Server zur\u00fcck. Genauso w\u00e4hlt er aus der Vorgabeliste den Stillstands- oder Wartegrund des Arbeitsplatzes bei Stillst\u00e4nden oder Wartezeiten.<\/p>\n<p>Die produzierte Menge und Lauf-\/Stopp-Status des Arbeitsplatzes wird mit entsprechend installierter Hardware auf der Maschine im Hintergrund automatisch f\u00fcr den aktiven Arbeitsgang erfasst. Der Bediener sieht den aktuellen Arbeitsfortschritt seines Arbeitsplatzes jederzeit auf seinem DIAMES-CPC Terminal.<\/p>\n<p>DIAMES-CPC kann neben Aufgaben f\u00fcr Produktionsarbeitsg\u00e4nge auch solche f\u00fcr Wartungs-, Unterhalts- und Reparaturarbeitsg\u00e4nge bedienen.<\/p>\n<p>DIAMES-CPC kann optional auch im Arbeitsplatzgruppen-Mode und zentraler Platzierung im Umfeld der zugeh\u00f6rigen Arbeitspl\u00e4tze betrieben werden. Mit der Gruppenliste am rechten Rand der Anzeige kann der gew\u00fcnschte Arbeitsplatz selektiert werden. Alle DIAMES-CPC Funktionen beziehen sich dann auf den selektierten Arbeitsplatz.<\/p>\n<p>Die DIAMES-CPC Darstellung der Produktionsinformationen kann innerhalb der vorgegebenen Funktionsstruktur kundenspezifisch und pro Terminal definiert werden.<\/p>\n<div id='gallery-4' class='gallery galleryid-75985 gallery-columns-3 gallery-size-medium'><figure class='gallery-item'>\n\t\t\t<div class='gallery-icon landscape'>\n\t\t\t\t<a href='http:\/\/diames.com\/wp-content\/uploads\/2016\/10\/cpc-CrewMembers.jpg'><img width=\"300\" height=\"225\" src=\"http:\/\/diames.com\/wp-content\/uploads\/2016\/10\/cpc-CrewMembers-300x225.jpg\" class=\"attachment-medium size-medium\" alt=\"\" loading=\"lazy\" srcset=\"http:\/\/diames.com\/wp-content\/uploads\/2016\/10\/cpc-CrewMembers-300x225.jpg 300w, http:\/\/diames.com\/wp-content\/uploads\/2016\/10\/cpc-CrewMembers-768x576.jpg 768w, http:\/\/diames.com\/wp-content\/uploads\/2016\/10\/cpc-CrewMembers-120x90.jpg 120w, http:\/\/diames.com\/wp-content\/uploads\/2016\/10\/cpc-CrewMembers.jpg 900w\" sizes=\"(max-width: 300px) 100vw, 300px\" \/><\/a>\n\t\t\t<\/div><\/figure><figure class='gallery-item'>\n\t\t\t<div class='gallery-icon landscape'>\n\t\t\t\t<a href='http:\/\/diames.com\/wp-content\/uploads\/2016\/10\/cpc-DownTimeReasonSelection.jpg'><img width=\"300\" height=\"225\" src=\"http:\/\/diames.com\/wp-content\/uploads\/2016\/10\/cpc-DownTimeReasonSelection-300x225.jpg\" class=\"attachment-medium size-medium\" alt=\"\" loading=\"lazy\" srcset=\"http:\/\/diames.com\/wp-content\/uploads\/2016\/10\/cpc-DownTimeReasonSelection-300x225.jpg 300w, http:\/\/diames.com\/wp-content\/uploads\/2016\/10\/cpc-DownTimeReasonSelection-768x576.jpg 768w, http:\/\/diames.com\/wp-content\/uploads\/2016\/10\/cpc-DownTimeReasonSelection-120x90.jpg 120w, http:\/\/diames.com\/wp-content\/uploads\/2016\/10\/cpc-DownTimeReasonSelection.jpg 900w\" sizes=\"(max-width: 300px) 100vw, 300px\" \/><\/a>\n\t\t\t<\/div><\/figure><figure class='gallery-item'>\n\t\t\t<div class='gallery-icon landscape'>\n\t\t\t\t<a href='http:\/\/diames.com\/wp-content\/uploads\/2016\/10\/cpc-MainScreen.jpg'><img width=\"300\" height=\"225\" src=\"http:\/\/diames.com\/wp-content\/uploads\/2016\/10\/cpc-MainScreen-300x225.jpg\" class=\"attachment-medium size-medium\" alt=\"\" loading=\"lazy\" srcset=\"http:\/\/diames.com\/wp-content\/uploads\/2016\/10\/cpc-MainScreen-300x225.jpg 300w, http:\/\/diames.com\/wp-content\/uploads\/2016\/10\/cpc-MainScreen-768x576.jpg 768w, http:\/\/diames.com\/wp-content\/uploads\/2016\/10\/cpc-MainScreen-120x90.jpg 120w, http:\/\/diames.com\/wp-content\/uploads\/2016\/10\/cpc-MainScreen.jpg 900w\" sizes=\"(max-width: 300px) 100vw, 300px\" \/><\/a>\n\t\t\t<\/div><\/figure><figure class='gallery-item'>\n\t\t\t<div class='gallery-icon landscape'>\n\t\t\t\t<a href='http:\/\/diames.com\/wp-content\/uploads\/2016\/10\/cpc-WorkcenterSchedule-as-received-from-ERP.jpg'><img width=\"300\" height=\"225\" src=\"http:\/\/diames.com\/wp-content\/uploads\/2016\/10\/cpc-WorkcenterSchedule-as-received-from-ERP-300x225.jpg\" class=\"attachment-medium size-medium\" alt=\"\" loading=\"lazy\" srcset=\"http:\/\/diames.com\/wp-content\/uploads\/2016\/10\/cpc-WorkcenterSchedule-as-received-from-ERP-300x225.jpg 300w, http:\/\/diames.com\/wp-content\/uploads\/2016\/10\/cpc-WorkcenterSchedule-as-received-from-ERP-768x576.jpg 768w, http:\/\/diames.com\/wp-content\/uploads\/2016\/10\/cpc-WorkcenterSchedule-as-received-from-ERP-120x90.jpg 120w, http:\/\/diames.com\/wp-content\/uploads\/2016\/10\/cpc-WorkcenterSchedule-as-received-from-ERP.jpg 900w\" sizes=\"(max-width: 300px) 100vw, 300px\" \/><\/a>\n\t\t\t<\/div><\/figure><figure class='gallery-item'>\n\t\t\t<div class='gallery-icon landscape'>\n\t\t\t\t<a href='http:\/\/diames.com\/wp-content\/uploads\/2016\/10\/cpc-WorkScheduleSelection.jpg'><img width=\"300\" height=\"225\" src=\"http:\/\/diames.com\/wp-content\/uploads\/2016\/10\/cpc-WorkScheduleSelection-300x225.jpg\" class=\"attachment-medium size-medium\" alt=\"\" loading=\"lazy\" srcset=\"http:\/\/diames.com\/wp-content\/uploads\/2016\/10\/cpc-WorkScheduleSelection-300x225.jpg 300w, http:\/\/diames.com\/wp-content\/uploads\/2016\/10\/cpc-WorkScheduleSelection-768x576.jpg 768w, http:\/\/diames.com\/wp-content\/uploads\/2016\/10\/cpc-WorkScheduleSelection-120x90.jpg 120w, http:\/\/diames.com\/wp-content\/uploads\/2016\/10\/cpc-WorkScheduleSelection.jpg 900w\" sizes=\"(max-width: 300px) 100vw, 300px\" \/><\/a>\n\t\t\t<\/div><\/figure>\n\t\t<\/div>\n\n<p>&nbsp;<\/p>\n<h4>DIAMES-MEM: Manufacturing Execution Manager<\/h4>\n<p>DIAMES-MEM ist eine Shop Floor Tool Windowsapplikation, mit der auf einem PC f\u00fcr eine Arbeitsplatzgruppe oder eine ganze Fabrik unter Echtzeitbedingungen der aktuelle Zustand der einzelnen Arbeitspl\u00e4tze graphisch visualisiert werden kann. Jeder Arbeitsplatz wird dabei durch ein dynamisch aggregiertes Icon mit Echtzeitinformationen dargestellt.<\/p>\n<p>Ein SingleClick auf ein Icon visualisiert am unteren Bildschirmrand die kundenspezifisch definierten Schl\u00fcsselinformationen f\u00fcr den selektierten Arbeitsplatz.<\/p>\n<p>Ein Doppelklick \u00f6ffnet ein neues Fenster mit allen Details zum Arbeitsplatz. \u00dcber Tags am oberen Fensterrand k\u00f6nnen die einzelnen Informationselemente, wie aktiver Arbeitsgang, Arbeitsplatz, Stillstands- oder Wartegr\u00fcnde, Arbeitsprogram, Personengruppe des Arbeitsplatzes selektiert werden. Innerhalb der jeweiligen Darstellung stehen dann kontextbezogen noch Transaktionsfunktionen zur Verf\u00fcgung.<\/p>\n<h4>DIAMES-LEV: Log-Event Viewer<\/h4>\n<p>DIAMES-LEV ist eine Shop Floor Tool Windowsapplikation, mit der auf dem DIAMES Server Informationen zu registrierten und verwalteten Einzelereignissen in Textform visualisiert werden k\u00f6nnen.<\/p>\n<p>Die Visualisierung erfolgt auf Grund des gew\u00e4hlten Zeitraums und Ereignistypen.<\/p>\n<p>Datenexportfunktionen erm\u00f6glichen die \u00dcbernahme der visualisierten Daten in andere Programme, wie z.B. Excel. Druckfunktionen erm\u00f6glichen die direkte Erstellung entsprechender Dokumente.<\/p>\n<h4>DIAMES-SFM: Shop Floor Manager<\/h4>\n<p>DIAMES-SFM ist eine Shop Floor Tool Windowsapplikation, die in frei definierbarer Listenform Arbeitsplatz- und Arbeitsganginformationen ab DIAMES Server visualisieren kann.<\/p>\n<p>\u00dcber einen Steuerknopf k\u00f6nnen zu einzelnen Arbeitspl\u00e4tzen wesentliche Details visualisiert und von dort \u00fcber einen weiteren Knopf, analog zu DIAMES-MEM, ein neues Fenster mit allen Details zum selektierten Arbeitsplatz ge\u00f6ffnet werden. \u00dcber Tags am oberen Fensterrand k\u00f6nnen die einzelnen Informationselemente, wie aktiver Arbeitsgang, Arbeitsplatz, Stillstands- oder Wartegr\u00fcnde, Arbeitsprogram, Personengruppe des Arbeitsplatzes selektiert werden. Innerhalb der jeweiligen Darstellung stehen dann kontextbezogen noch Transaktionsfunktionen zur Verf\u00fcgung.<\/p>\n<p>Datenexportfunktionen erm\u00f6glichen die \u00dcbernahme der visualisierten Daten in andere Programme, wie z.B. Excel. Druckfunktionen erm\u00f6glichen die direkte Erstellung entsprechender Dokumente.<\/p>\n<h4>DIAMES-HRM: Human Resource Manager<\/h4>\n<p>DIAMES-HRM ist eine Shop Floor Tool Windowsapplikation, die f\u00fcr alle DIAMES relevanten Personen-Funktionen, wie z.B. Personen-Definition, Personen-Gruppierung in Crews, Personen-Detailvisualisierung, \u2026 verwendet wird.<\/p>\n<p>Datenexportfunktionen erm\u00f6glichen die \u00dcbernahme der visualisierten Daten in andere Programme, wie z.B. Excel. Druckfunktionen erm\u00f6glichen die direkte Erstellung entsprechender Dokumente.<\/p>\n<h4>DIAMES-PMC: Production Management Console<\/h4>\n<p>DIAMES-PMC ist eine Shop Floor Tool Windowsapplikation, die als graphisches Frontend auf einem Touch Panel PC Bediener an ihrem Produktionsarbeitsplatz den Datenaustausch mit dem DIAMES Server erm\u00f6glicht.<\/p>\n<p>Bediener melden sich f\u00fcr den Arbeitsplatz bei Arbeitsbeginn an- und bei Schichtende ab, w\u00e4hlen und starten den n\u00e4chsten Arbeitsgang aus dem Produktionsprogramm, das der DIAMES Server vom ERP \u00fcbernommen hat. Arbeitsunterbruch oder Abschluss meldet er online an den Server zur\u00fcck. Genauso w\u00e4hlt er aus der Vorgabeliste den Stillstands- oder Wartegrund des Arbeitsplatzes bei Stillst\u00e4nden oder Wartezeiten.<\/p>\n<p>Die produzierte Menge und Lauf-\/Stopp-Status des Arbeitsplatzes wird mit entsprechend installierter Hardware auf der Maschine im Hintergrund automatisch f\u00fcr den aktiven Arbeitsgang erfasst. Der Bediener sieht den aktuellen Arbeitsfortschritt seines Arbeitsplatzes jederzeit auf seinem DIAMES-CPC Terminal.<\/p>\n<p>Die graphisch-orientierte DIAMES-PMC Darstellung der Produktionsinformationen kann innerhalb der vorgegebenen Funktionsstruktur kundenspezifisch und pro Terminal definiert werden.<\/p>\n<p>In die DIAMES-PMC Applikationsumgebung kann zus\u00e4tzlich das optionale DIAMES-AFM Modul f\u00fcr die Steuerung und Darstellung von Wartungs-, Unterhalts- und Reparaturarbeitsg\u00e4ngen integriert zugeschaltet werden. Die Applikation kann auch f\u00fcr 2-Byte Fonts, wie Chinesisch eingesetzt werden.<\/p>\n<p><span style=\"font-weight: 400;\">\u00a0<\/span><\/p>\n<div id='gallery-5' class='gallery galleryid-75985 gallery-columns-3 gallery-size-thumbnail'><figure class='gallery-item'>\n\t\t\t<div class='gallery-icon landscape'>\n\t\t\t\t<a href='http:\/\/diames.com\/de\/products\/workstation\/crewmembers\/'><img width=\"150\" height=\"150\" src=\"http:\/\/diames.com\/wp-content\/uploads\/2016\/10\/CrewMembers-150x150.png\" class=\"attachment-thumbnail size-thumbnail\" alt=\"\" loading=\"lazy\" srcset=\"http:\/\/diames.com\/wp-content\/uploads\/2016\/10\/CrewMembers-150x150.png 150w, http:\/\/diames.com\/wp-content\/uploads\/2016\/10\/CrewMembers-100x100.png 100w, http:\/\/diames.com\/wp-content\/uploads\/2016\/10\/CrewMembers-370x370.png 370w\" sizes=\"(max-width: 150px) 100vw, 150px\" \/><\/a>\n\t\t\t<\/div><\/figure><figure class='gallery-item'>\n\t\t\t<div class='gallery-icon landscape'>\n\t\t\t\t<a href='http:\/\/diames.com\/de\/products\/workstation\/downtimereasonselection\/'><img width=\"150\" height=\"150\" src=\"http:\/\/diames.com\/wp-content\/uploads\/2016\/10\/DownTimeReasonSelection-150x150.png\" class=\"attachment-thumbnail size-thumbnail\" alt=\"\" loading=\"lazy\" srcset=\"http:\/\/diames.com\/wp-content\/uploads\/2016\/10\/DownTimeReasonSelection-150x150.png 150w, http:\/\/diames.com\/wp-content\/uploads\/2016\/10\/DownTimeReasonSelection-100x100.png 100w, http:\/\/diames.com\/wp-content\/uploads\/2016\/10\/DownTimeReasonSelection-370x370.png 370w\" sizes=\"(max-width: 150px) 100vw, 150px\" \/><\/a>\n\t\t\t<\/div><\/figure><figure class='gallery-item'>\n\t\t\t<div class='gallery-icon landscape'>\n\t\t\t\t<a href='http:\/\/diames.com\/de\/products\/workstation\/workcentersschedule-as-received-from-erp\/'><img width=\"150\" height=\"150\" src=\"http:\/\/diames.com\/wp-content\/uploads\/2016\/10\/WorkcenterSschedule-as-received-from-ERP-150x150.png\" class=\"attachment-thumbnail size-thumbnail\" alt=\"\" loading=\"lazy\" srcset=\"http:\/\/diames.com\/wp-content\/uploads\/2016\/10\/WorkcenterSschedule-as-received-from-ERP-150x150.png 150w, http:\/\/diames.com\/wp-content\/uploads\/2016\/10\/WorkcenterSschedule-as-received-from-ERP-100x100.png 100w, http:\/\/diames.com\/wp-content\/uploads\/2016\/10\/WorkcenterSschedule-as-received-from-ERP-370x370.png 370w\" sizes=\"(max-width: 150px) 100vw, 150px\" \/><\/a>\n\t\t\t<\/div><\/figure><figure class='gallery-item'>\n\t\t\t<div class='gallery-icon landscape'>\n\t\t\t\t<a href='http:\/\/diames.com\/de\/products\/workstation\/workcentersheduletypeselection\/'><img width=\"150\" height=\"150\" src=\"http:\/\/diames.com\/wp-content\/uploads\/2016\/10\/WorkcenterSheduleTypeSelection-150x150.png\" class=\"attachment-thumbnail size-thumbnail\" alt=\"\" loading=\"lazy\" srcset=\"http:\/\/diames.com\/wp-content\/uploads\/2016\/10\/WorkcenterSheduleTypeSelection-150x150.png 150w, http:\/\/diames.com\/wp-content\/uploads\/2016\/10\/WorkcenterSheduleTypeSelection-100x100.png 100w, http:\/\/diames.com\/wp-content\/uploads\/2016\/10\/WorkcenterSheduleTypeSelection-370x370.png 370w\" sizes=\"(max-width: 150px) 100vw, 150px\" \/><\/a>\n\t\t\t<\/div><\/figure><figure class='gallery-item'>\n\t\t\t<div class='gallery-icon landscape'>\n\t\t\t\t<a href='http:\/\/diames.com\/de\/products\/workstation\/mainscreen\/'><img width=\"150\" height=\"150\" src=\"http:\/\/diames.com\/wp-content\/uploads\/2016\/10\/MainScreen-150x150.png\" class=\"attachment-thumbnail size-thumbnail\" alt=\"\" loading=\"lazy\" srcset=\"http:\/\/diames.com\/wp-content\/uploads\/2016\/10\/MainScreen-150x150.png 150w, http:\/\/diames.com\/wp-content\/uploads\/2016\/10\/MainScreen-100x100.png 100w, http:\/\/diames.com\/wp-content\/uploads\/2016\/10\/MainScreen-370x370.png 370w\" sizes=\"(max-width: 150px) 100vw, 150px\" \/><\/a>\n\t\t\t<\/div><\/figure>\n\t\t<\/div>\n\n<h4>DIAMES-DPV: Data Production Visualizer<\/h4>\n<p>DIAMES-DPV ist eine Shop Floor Tool Windowsapplikation, die graphisch Produktionsinformationen f\u00fcr die Zeitr\u00e4ume erledigt, aktiv und geplant in Diagrammen visualisiert.<\/p>\n<p>Der Benutzer definiert Arbeitspl\u00e4tze, Zeitraum und Detaillierungsgrad f\u00fcr die Darstellung.<\/p>\n<h4>DIAMES-APS: Advanced Production Scheduler<\/h4>\n<p>DIAMES-DPV ist eine Shop Floor Tool Windowsapplikation, die graphisch die planerische Produktions\u00adauslastung ausgew\u00e4hlter Arbeitspl\u00e4tze \u00fcber einen definierten Zeitraum und gew\u00e4hlter Aufl\u00f6sung visualisiert.<\/p>\n<p>Ein SingleClick auf ein Arbeitsgang-Icon visualisiert am unteren Bildschirmrand die kundenspezifisch definierten Schl\u00fcsselinformationen f\u00fcr den selektierten Arbeitsgang.<\/p>\n<p>Ein Doppelklick \u00f6ffnet ein neues Fenster mit allen Details zum Arbeitsgang. \u00dcber Tags am oberen Fensterrand oder Rechts Klick mit der Maus k\u00f6nnen kontextbezogen noch weitere Transaktionsfunktionen aktiviert werden.<\/p>\n<p>Weil die dargestellten Arbeitsgangblocks, die auf der Zeitachse proportional zur verbleibenden Arbeitsplatz-Belegungszeit dargestellt sind, logische Datenobjekte sind, k\u00f6nnen diese innerhalb des Produktionsprogrammes des Arbeitsplatzes auf einen freien Bereich zeitlich verschoben oder auf einen anderen Arbeitsplatz umgelastet werden. Die Information jeder Arbeitsgangmanipulation wird auf dem DIAMES Server unmittelbar verarbeitet und beeinflusst damit sofort die Produktionsvisualisierung auf allen aktiv genutzten DIAMES Shop Floor Tools.<\/p>\n<p>Weil DIAMES-APS f\u00fcr jeden Arbeitsgang vom DIAMES Server neben der Terminsituation auch die Auftragsfortschritts- und generelle Statusinformation \u00fcbernommen hat, kann die Applikation bei der Darstellung diese Information mitverwenden und Arbeitsg\u00e4nge farblich anders darstellen, wen sie z.B. zu fr\u00fch, korrekt oder versp\u00e4tet positioniert sind. Mit einem Marker den Arbeitsgangstatus und mit einer horizontalen Linie den Arbeitsfortschritt visualisieren.<\/p>\n<p>DIAMES-APS kennt f\u00fcr jeden Arbeitsplatz den Schichtplan und kann die Darstellung, je nach eingestelltem Mode f\u00fcr die Arbeitsplatz, Belegung eines Arbeitsganges die Schichtfreie Zeit als Verl\u00e4ngerung oder als durchgehende Arbeit ohne Verl\u00e4ngerung darstellen. Arbeitsgangblocks sind auf der Zeitachse proportional zur verbleibenden Arbeitsplatz-Belegungszeit dargestellt. Als logische Datenobjekte definiert, k\u00f6nnen diese innerhalb des Produktionsprogrammes des Arbeitsplatzes auf einen freien Bereich zeitlich verschoben oder auf einen anderen Arbeitsplatz umgelastet werden.<\/p>\n<p>Weil in der physischen Produktionswelt alle Arbeitsg\u00e4nge auf einem Arbeitsplatz zwingend sequentiell abgearbeitet werden m\u00fcssen, erlaubt DIAMES-APS keine \u00fcberlappende Darstellung der Arbeitsg\u00e4nge. Programminterne DIAMES-APS Mechanismen k\u00f6nnen benutzt werden, um bei Manipulationen gezielte Verschiebungen zum Einsetzen eines Arbeitsganges in eine zu kleine L\u00fccke auszuf\u00fchren.<\/p>\n<p>Weil Arbeitsg\u00e4nge eines Produktionsauftrags ebenfalls einer internen Sequenz gen\u00fcgen m\u00fcssen, pr\u00fcft DIAMES-APS die einzelnen Positionen der einzelnen Arbeitsg\u00e4nge eines Auftrages auf zeitliche Sequenzverletzungen. Falls solche F\u00e4lle auftreten, so sind diese Arbeitsg\u00e4nge entsprechen farblich markiert und damit Objekte f\u00fcr die finale Produktionsplanungsoptimierung.<\/p>\n<p>DIAMES-APS ist ein kritisch wichtiges Werkzeug, um die Produktionsplanung kurzfristig auf optimale Bedingungen auszurichten und damit unn\u00f6tige Stillstands- und Wartezeiten vorbeugend zu vermeiden.<\/p>\n<div id='gallery-6' class='gallery galleryid-75985 gallery-columns-3 gallery-size-thumbnail'><figure class='gallery-item'>\n\t\t\t<div class='gallery-icon landscape'>\n\t\t\t\t<a href='http:\/\/diames.com\/de\/products\/workstation\/overview\/'><img width=\"150\" height=\"150\" src=\"http:\/\/diames.com\/wp-content\/uploads\/2016\/10\/Overview-150x150.png\" class=\"attachment-thumbnail size-thumbnail\" alt=\"\" loading=\"lazy\" srcset=\"http:\/\/diames.com\/wp-content\/uploads\/2016\/10\/Overview-150x150.png 150w, http:\/\/diames.com\/wp-content\/uploads\/2016\/10\/Overview-100x100.png 100w, http:\/\/diames.com\/wp-content\/uploads\/2016\/10\/Overview-370x370.png 370w\" sizes=\"(max-width: 150px) 100vw, 150px\" \/><\/a>\n\t\t\t<\/div><\/figure>\n\t\t<\/div>\n\n<p><span style=\"border-radius: 2px; text-indent: 20px; width: auto; padding: 0px 4px 0px 0px; text-align: center; font: bold 11px\/20px 'Helvetica Neue',Helvetica,sans-serif; color: #ffffff; background: #bd081c no-repeat scroll 3px 50% \/ 14px 14px; position: absolute; opacity: 1; z-index: 8675309; display: none; cursor: pointer; top: 1511px; left: 270px;\">Save<\/span><\/p>\n<p><span style=\"border-radius: 2px; text-indent: 20px; width: auto; padding: 0px 4px 0px 0px; text-align: center; font: bold 11px\/20px 'Helvetica Neue',Helvetica,sans-serif; color: #ffffff; background: #bd081c no-repeat scroll 3px 50% \/ 14px 14px; position: absolute; opacity: 1; z-index: 8675309; display: none; cursor: pointer; top: 1367px; left: 270px;\">Save<\/span><\/p>\n<p><span style=\"border-radius: 2px; text-indent: 20px; width: auto; padding: 0px 4px 0px 0px; text-align: center; font: bold 11px\/20px 'Helvetica Neue',Helvetica,sans-serif; color: #ffffff; background: #bd081c no-repeat scroll 3px 50% \/ 14px 14px; position: absolute; opacity: 1; z-index: 8675309; display: none; cursor: pointer; top: 1367px; left: 270px;\">Save<\/span><\/p>\n<p><span style=\"border-radius: 2px; text-indent: 20px; width: auto; padding: 0px 4px 0px 0px; text-align: center; font: bold 11px\/20px 'Helvetica Neue',Helvetica,sans-serif; color: #ffffff; background: #bd081c no-repeat scroll 3px 50% \/ 14px 14px; position: absolute; opacity: 1; z-index: 8675309; display: none; cursor: pointer; top: 753px; left: 20px;\">Save<\/span><\/p>\n<p><span style=\"border-radius: 2px; text-indent: 20px; width: auto; padding: 0px 4px 0px 0px; text-align: center; font: bold 11px\/20px 'Helvetica Neue',Helvetica,sans-serif; color: #ffffff; background: #bd081c no-repeat scroll 3px 50% \/ 14px 14px; position: absolute; opacity: 1; z-index: 8675309; display: none; cursor: pointer; top: 607px; left: 395px;\">Save<\/span>[\/vc_column_text][\/vc_column][\/vc_row]<\/p>","protected":false},"excerpt":{"rendered":"<p>[vc_row full_width=&#8220;stretch_row&#8220; css=&#8220;.vc_custom_1476494250517{padding-top: 50px !important;padding-bottom: 50px !important;background-image: url(http:\/\/diames.com\/wp-content\/uploads\/2016\/09\/bg-header.jpg?id=100) !important;}&#8220;][vc_column][vc_custom_heading text=&#8220;WORKSTATION&#8220; font_container=&#8220;tag:h1|text_align:center|color:%23ffffff&#8220; use_theme_fonts=&#8220;yes&#8220;][vc_custom_heading text=&#8220; &#8220; font_container=&#8220;tag:h3|text_align:center|color:%23ffffff&#8220; use_theme_fonts=&#8220;yes&#8220;][\/vc_column][\/vc_row][vc_row][vc_column][vc_column_text] Shop Floor Tools DIAMES Endbenutzer verwenden die lizensierten Microsoft Windows basierten DIAMES Shop Floor Tool Applikationen auf Windows basierten PCs und Tablets f\u00fcr die Visualisierung der auf dem DIAMES Server verwalteten Produktionsdaten und f\u00fcr F\u00fchrungsaufgaben in Zusammenarbeit mit der [&hellip;]<\/p>\n","protected":false},"author":1,"featured_media":0,"parent":11,"menu_order":0,"comment_status":"closed","ping_status":"closed","template":"","meta":[],"_links":{"self":[{"href":"http:\/\/diames.com\/de\/wp-json\/wp\/v2\/pages\/75985"}],"collection":[{"href":"http:\/\/diames.com\/de\/wp-json\/wp\/v2\/pages"}],"about":[{"href":"http:\/\/diames.com\/de\/wp-json\/wp\/v2\/types\/page"}],"author":[{"embeddable":true,"href":"http:\/\/diames.com\/de\/wp-json\/wp\/v2\/users\/1"}],"replies":[{"embeddable":true,"href":"http:\/\/diames.com\/de\/wp-json\/wp\/v2\/comments?post=75985"}],"version-history":[{"count":19,"href":"http:\/\/diames.com\/de\/wp-json\/wp\/v2\/pages\/75985\/revisions"}],"predecessor-version":[{"id":76319,"href":"http:\/\/diames.com\/de\/wp-json\/wp\/v2\/pages\/75985\/revisions\/76319"}],"up":[{"embeddable":true,"href":"http:\/\/diames.com\/de\/wp-json\/wp\/v2\/pages\/11"}],"wp:attachment":[{"href":"http:\/\/diames.com\/de\/wp-json\/wp\/v2\/media?parent=75985"}],"curies":[{"name":"wp","href":"https:\/\/api.w.org\/{rel}","templated":true}]}}