{"id":75991,"date":"2016-10-19T22:36:41","date_gmt":"2016-10-20T03:36:41","guid":{"rendered":"http:\/\/diames.com\/?page_id=75991"},"modified":"2017-01-26T22:40:35","modified_gmt":"2017-01-27T03:40:35","slug":"server","status":"publish","type":"page","link":"http:\/\/diames.com\/de\/products\/server\/","title":{"rendered":"Server"},"content":{"rendered":"<p>[vc_row full_width=&#8220;stretch_row&#8220; css=&#8220;.vc_custom_1476494250517{padding-top: 50px !important;padding-bottom: 50px !important;background-image: url(http:\/\/diames.com\/wp-content\/uploads\/2016\/09\/bg-header.jpg?id=100) !important;}&#8220;][vc_column][vc_custom_heading text=&#8220;SERVER&#8220; font_container=&#8220;tag:h1|text_align:center|color:%23ffffff&#8220; use_theme_fonts=&#8220;yes&#8220;][vc_custom_heading text=&#8220;&#8220; font_container=&#8220;tag:h3|text_align:center|color:%23ffffff&#8220; use_theme_fonts=&#8220;yes&#8220;][\/vc_column][\/vc_row][vc_row][vc_column][vc_column_text]<\/p>\n<h3>Server (AIX or Windows plattform &#8211; InHouse or Cloud service basierend)<\/h3>\n<p>Der DIAMES Server verbindet logisch die Produktionsplanungswelt auf dem ERP System mit der physischen Ausf\u00fchrung der Produktionsprozesse auf den Arbeitspl\u00e4tzen im Produktionsbereich. MES Software wie DIAMES kennen viele Produktionsunter\u00adnehmen aus Publikationen, sie haben jedoch solche Systeme noch nicht im Einsatz. DIAMES erm\u00f6glicht als Produktionsmanagement Tool proaktiv die auf ERP geplanten Arbeitsg\u00e4nge durch die physischen Produktionsprozesse auf den Arbeitspl\u00e4tzen im Produktionsbereich zu begleiten. F\u00fcr als gesch\u00e4ftskritisch erkannte Tendenzen von Abweichungen zwischen Produktionsplanung und Ausf\u00fchrung alarmiert DIAMES zust\u00e4ndige Mitarbeiter, um den Fall raschm\u00f6glichst eliminieren zu lassen, bevor ein effektives Problem mit Verlustpotenzial f\u00fcr das Unternehmen auftritt.<\/p>\n<h4>DIAMES Server<\/h4>\n<p>A DIAMES Server kann f\u00fcr Gro\u00dfe sehr Gro\u00dfe Systemkonfigurationen auf einer IBM AIX Power Server Plattform als InHouse L\u00f6sung laufen oder vom gleichen Source Code kompiliert auf einer virtuellen Microsoft Windows Server Plattform \u2013 ebenfalls als firmeneigene InHouse oder als bei einem renommierten Servicepartner in eigenen Land gemietete Cloud Server L\u00f6sung betrieben werden.<\/p>\n<p>Ein DIAMES Server kann mit Hilfe einer WebService Komponente mit jedem modernen ERP System kommunizieren. F\u00fcr \u00e4ltere legacy ERP Systemplattformen ohne WebService-F\u00e4higkeit kann DIAMES \u00fcber ein File basiertes Kommunikationsmodul Produktionsdaten austauschen.<\/p>\n<p>Optional kann f\u00fcr die Langzeit-Produktionsdaten Archivierung ab DIAMES Server noch eine Verbindung zu einer externen Microsoft SQL Datenbank eingerichtet werden.<\/p>\n<p>F\u00fcr die automatische MES-relevante Produktionsdatenerfassung ab physischen Produktionsmaschinen werden diese nach Anleitung vom Lieferanten vom technischen Team mit entsprechenden Datenerfassungskomponenten best\u00fcckt und verdrahtet.<\/p>\n<h4>DIAMES-DAC: Administration Console<\/h4>\n<p>Wenn der DIAMES Server aufgebaut und ans Netzwerk angeschlossen ist, werden die DIAMES Systemprogramme zusammen mit dem als DIAMES System Administrator (DSA) bezeichneten Mitarbeiter des Kunden installiert.<\/p>\n<p>Mit der DIAMES-DAC Applikation wird dann das System eingerichtet und gem\u00e4\u00df den abgesprochenen Konfigurationsabsprachen eingestellt.<br \/>\nDazu geh\u00f6ren die Definitionen der angeschlossenen Produktionsressourcen, Schichtstrukturen, Stillstandsgrund Tabellen viele andere kundenspezifische Systemdefinitionen.<\/p>\n<p>Die DIAMES-DAC Applikation ist das Werkzeug mit dem das DIAMES System dann nach der Inbetriebnahme vom DSA konfiguriert und gepflegt wird. Diese T\u00e4tigkeiten w\u00e4hrend der System-Inbetriebnahme zusammen mit den DSA sind Bestandteil des DSA Ausbildungs\u00adprogrammes, um dem Kunden die maximalm\u00f6gliche Selbst\u00e4ndigkeit f\u00fcr den Betrieb von DIAMES sicherzustellen.<\/p>\n<div id='gallery-2' class='gallery galleryid-75991 gallery-columns-3 gallery-size-thumbnail'><figure class='gallery-item'>\n\t\t\t<div class='gallery-icon landscape'>\n\t\t\t\t<a href='http:\/\/diames.com\/de\/products\/server\/mic-definitions\/'><img width=\"150\" height=\"150\" src=\"http:\/\/diames.com\/wp-content\/uploads\/2016\/10\/MIC-definitions-150x150.png\" class=\"attachment-thumbnail size-thumbnail\" alt=\"\" loading=\"lazy\" srcset=\"http:\/\/diames.com\/wp-content\/uploads\/2016\/10\/MIC-definitions-150x150.png 150w, http:\/\/diames.com\/wp-content\/uploads\/2016\/10\/MIC-definitions-100x100.png 100w, http:\/\/diames.com\/wp-content\/uploads\/2016\/10\/MIC-definitions-370x370.png 370w\" sizes=\"(max-width: 150px) 100vw, 150px\" \/><\/a>\n\t\t\t<\/div><\/figure>\n\t\t<\/div>\n\n<p>[\/vc_column_text][\/vc_column][\/vc_row]<\/p>","protected":false},"excerpt":{"rendered":"<p>[vc_row full_width=&#8220;stretch_row&#8220; css=&#8220;.vc_custom_1476494250517{padding-top: 50px !important;padding-bottom: 50px !important;background-image: url(http:\/\/diames.com\/wp-content\/uploads\/2016\/09\/bg-header.jpg?id=100) !important;}&#8220;][vc_column][vc_custom_heading text=&#8220;SERVER&#8220; font_container=&#8220;tag:h1|text_align:center|color:%23ffffff&#8220; use_theme_fonts=&#8220;yes&#8220;][vc_custom_heading text=&#8220;&#8220; font_container=&#8220;tag:h3|text_align:center|color:%23ffffff&#8220; use_theme_fonts=&#8220;yes&#8220;][\/vc_column][\/vc_row][vc_row][vc_column][vc_column_text] Server (AIX or Windows plattform &#8211; InHouse or Cloud service basierend) Der DIAMES Server verbindet logisch die Produktionsplanungswelt auf dem ERP System mit der physischen Ausf\u00fchrung der Produktionsprozesse auf den Arbeitspl\u00e4tzen im Produktionsbereich. MES Software wie DIAMES kennen viele Produktionsunter\u00adnehmen [&hellip;]<\/p>\n","protected":false},"author":1,"featured_media":0,"parent":11,"menu_order":0,"comment_status":"closed","ping_status":"closed","template":"","meta":[],"_links":{"self":[{"href":"http:\/\/diames.com\/de\/wp-json\/wp\/v2\/pages\/75991"}],"collection":[{"href":"http:\/\/diames.com\/de\/wp-json\/wp\/v2\/pages"}],"about":[{"href":"http:\/\/diames.com\/de\/wp-json\/wp\/v2\/types\/page"}],"author":[{"embeddable":true,"href":"http:\/\/diames.com\/de\/wp-json\/wp\/v2\/users\/1"}],"replies":[{"embeddable":true,"href":"http:\/\/diames.com\/de\/wp-json\/wp\/v2\/comments?post=75991"}],"version-history":[{"count":7,"href":"http:\/\/diames.com\/de\/wp-json\/wp\/v2\/pages\/75991\/revisions"}],"predecessor-version":[{"id":76318,"href":"http:\/\/diames.com\/de\/wp-json\/wp\/v2\/pages\/75991\/revisions\/76318"}],"up":[{"embeddable":true,"href":"http:\/\/diames.com\/de\/wp-json\/wp\/v2\/pages\/11"}],"wp:attachment":[{"href":"http:\/\/diames.com\/de\/wp-json\/wp\/v2\/media?parent=75991"}],"curies":[{"name":"wp","href":"https:\/\/api.w.org\/{rel}","templated":true}]}}