{"id":76,"date":"2016-09-24T18:31:52","date_gmt":"2016-09-24T23:31:52","guid":{"rendered":"http:\/\/diames.com\/?page_id=76"},"modified":"2017-01-26T23:22:20","modified_gmt":"2017-01-27T04:22:20","slug":"contact","status":"publish","type":"page","link":"http:\/\/diames.com\/de\/contact\/","title":{"rendered":"Kontaktieren Sie uns"},"content":{"rendered":"<p>[vc_row full_width=&#8220;stretch_row&#8220; css=&#8220;.vc_custom_1476511469183{padding-top: 50px !important;padding-bottom: 50px !important;background-image: url(http:\/\/diames.com\/wp-content\/uploads\/2016\/09\/bg-header.jpg?id=100) !important;}&#8220;][vc_column][vc_custom_heading text=&#8220;KONTAKTIEREN SIE UNS&#8220; font_container=&#8220;tag:h1|text_align:center|color:%23ffffff&#8220; use_theme_fonts=&#8220;yes&#8220;][\/vc_column][\/vc_row][vc_row][vc_column][vc_column_text]<\/p>\n<h4>Unabh\u00e4ngig von der jeweiligen Produktionsindustrie-Branche ist eine MES Implementation, wie DIAMES, heute praktisch ein Muss, um mittel bis langfristig als Unternehmen \u00fcberleben zu k\u00f6nnen und dabei konkurrenzf\u00e4hig zu bleiben. Ein MES, komplement\u00e4r zu einem ERP eigesetzt, ist heute anerkannte Basis, um rasch und nachhaltig Produktionsprozesse administrativ optimieren zu k\u00f6nnen und dabei die Produktivit\u00e4t entsprechend zu verbessern.<\/h4>\n<p>Kontaktieren Sie uns. Einer unserer MES Berater sich f\u00fcr Sie Zeit nehmen, um das USP Ihres Unternehmens kennenzulernen und die besonderen MES Bed\u00fcrfnisse Ihres Unternehmens zu erfassen. Dies ist dann die Basis f\u00fcr ein auf Ihr Unternehmen zugeschnittenes DIAMES-Konzept zu erstellen und f\u00fcr Sie eine mutma\u00dfliche erste grobe ROI Absch\u00e4tzung Ihrer geplanten DIAMES Plattform zu berechnen.<\/p>\n<p>Im Rahmen einer unverbindlichen Pr\u00e4sentation bei Ihnen im Hause m\u00f6chten wir Ihnen DIAMES als komplement\u00e4re L\u00f6sung f\u00fcr die proaktive Produktionsf\u00fchrung zu Ihrem ERP System gerne vorstellen. Dabei m\u00f6chten wir Ihnen gerne aufzeigen, wie mit dem System Produktivit\u00e4ts- und Effizienzsteigerungen erzielt und umgesetzt werden. Dabei erkl\u00e4ren wir Ihnen auch den wesentlichen Unterschied zwischen einem klassischen Automatisierungsprojekt f\u00fcr potenzielle Produktivit\u00e4tsverbesserungen und einem MES Projekt. Damit sollten Sie dann in der Lage sein, den Nutzen und den besonderen Wettbewerbsvorteil mit DIAMES f\u00fcr Ihr Unternehmen zu erkennen.<\/p>\n<p>F\u00fcr die Umsetzung der aktuellen europ\u00e4ischen I4 oder amerikanischen IIoT Initiative im Produktionsbereich, im Kontext zum \u00fcbergeordneten ERP System, schafft DIAMES die notwendigen Voraussetzungen heute schon.<\/p>\n<p>Mit dem weltweiten erfolgreichen Einsatz von DIAMES in vielen Branchen und allen Firmengr\u00f6\u00dfen der Produktionsindustrie sind wir \u00fcberzeugt, auch f\u00fcr Ihr Unternehmen die richtige L\u00f6sung anbieten zu k\u00f6nnen, damit Sie Ihre Produktivit\u00e4t und Effizienz mit der existierenden Infrastruktur rasch, effizient und nachhaltig verbessern k\u00f6nnen.<\/p>\n<p>Alle DIAMES Kunden haben in kurzer Zeit ihre Stillstands-, Warte- und Auftragsdurlaufzeiten signifikant reduzieren k\u00f6nnen. Mit der gleichzeitigen Einf\u00fchrung der proaktiven Produktionsf\u00fchrung als Managementmethodik basierend auf DIAMES Informationen waren weniger Verluste und bessere Produktionsqualit\u00e4t weitere positive Resultate erzielt worden. Auf der finanziellen Seite haben auch sehr gut organisierte Produktionsunternehmen gesagt, dass sie mit DIAMES Produktivit\u00e4tssteigerungen im Bereich von 15 &#8211; 30 % erzielt h\u00e4tten, wenn die online verf\u00fcgbaren DIAMES Informationen konsequent umgesetzt werden. Projektleiter der Unternehmen melden jeweils attraktive.<\/p>\n<p>Viele Produktionsunternehmen haben vermehrt Probleme ihre Deckungsbeitr\u00e4ge und Marktplatz zu halten. L\u00f6hne und Materialkosten steigen \u2013 ohne dabei mit h\u00f6heren Produktepreise kompensiert werden zu k\u00f6nnen! Nachhaltige, rasch umsetzbare Produktivit\u00e4tsverbesserungen sind die L\u00f6sung zum Problem. DIAMES das Werkzeug dazu.<\/p>\n<p>Geben Sie Ihrem Unternehmen die Chance die anstehenden Probleme mit nachhaltigen Produktivit\u00e4tsverbesserungen und der existierenden Infrastruktur zu l\u00f6sen.<\/p>\n<p>Kontaktieren Sie uns noch heute und sprechen Sie mit einem unserer DIAMES Beratern. Gerne kommen wir zu Ihnen und zeigen Ihnen in einem unverbindlichen Gespr\u00e4ch, wie DIAMES im Detail funktioniert und was DIAMES f\u00fcr Ihr Unternehmen leisten kann. Mit einer Live-Verbindung zu einer DIAMES-Umgebung zeigen wir Ihnen konkret Details vor Ort.<\/p>\n<p>Unser Angebot umfasst auch eine DIAMES Pilot-Installation f\u00fcr eine ausgesuchte Maschinengruppe und auf Zeit; damit Sie die Technologie und das Verbesserungspotenzial mit minimalem Risiko im eigenen Unternehmen kennenlernen k\u00f6nnen.[\/vc_column_text][vc_separator][\/vc_column][\/vc_row][vc_row][vc_column width=&#8220;1\/6&#8243;][\/vc_column][vc_column width=&#8220;2\/3&#8243;][vc_column_text]<div class=\"ufbl-form-wrapper ufbl-no-design-template\" style=\"width:100%;\">\r\n    <form method=\"post\" action=\"\" class=\"ufbl-front-form\">\r\n\t\t\t\t\t\t<input type=\"hidden\" name=\"form_id\" value=\"1\" class=\"form-id\"\/>\r\n\t\t\t\t\t\t\t\t<div class=\"ufbl-form-field-wrap \" >\r\n\t\t\t\t\t\t\t<label>Name<\/label>\r\n\t\t\t\t\t\t\t<div class=\"ufbl-form-field\">\r\n\t\t\t\t\t\t\t\t<input type=\"text\" name=\"ufbl_field_1\" class=\"ufbl-form-textfield \" data-max-chars=\"\" data-min-chars=\"\" data-error-message=\"\" placeholder=\"\" value=\"\"\/>\r\n\t\t\t\t\t\t\t\t<div class=\"ufbl-error\"  data-error-key=\"ufbl_field_1\"><\/div>\r\n\t\t\t\t\t\t\t<\/div>\r\n\t\t\t\t\t\t<\/div>\r\n\t\t\t\t\t\t\t\t\t\t\t\t<div class=\"ufbl-form-field-wrap email\" >\r\n\t\t\t\t\t\t\t<label>Email<\/label>\r\n\t\t\t\t\t\t\t<div class=\"ufbl-form-field\">\r\n\t\t\t\t\t\t\t\t<input type=\"email\" name=\"ufbl_field_3\" class=\"ufbl-email-field \" data-error-message=\"\" placeholder=\"\" value=\"\"\/>\r\n\t\t\t\t\t\t\t\t<div class=\"ufbl-error\"  data-error-key=\"ufbl_field_3\"><\/div>\r\n\t\t\t\t\t\t\t<\/div>\r\n\t\t\t\t\t\t<\/div>\r\n\t\t\t\t\t\t\t\t\t\t\t\t<div class=\"ufbl-form-field-wrap \" >\r\n\t\t\t\t\t\t\t<label>Message<\/label>\r\n\t\t\t\t\t\t\t<div class=\"ufbl-form-field\">\r\n\t\t\t\t\t\t\t\t<textarea name=\"ufbl_field_5\" class=\"ufbl-form-textarea \" data-max-chars=\"\" data-min-chars=\"\" data-error-message=\"\" rows=\"5\" cols=\"10\" placeholder=\"\"><\/textarea>\r\n\t\t\t\t\t\t\t\t<div class=\"ufbl-error\"  data-error-key=\"ufbl_field_5\"><\/div>\r\n\t\t\t\t\t\t\t<\/div>\r\n\t\t\t\t\t\t<\/div>\r\n\t\t\t\t\t\t\t\t\t\t\t\t<div class=\"ufbl-form-field-wrap \" >\r\n\t\t\t\t\t\t\t<label><\/label>\r\n\t\t\t\t\t\t\t<div class=\"ufbl-form-field\">\r\n\t\t\t\t\t\t\t\t\t\t\t\t\t\t\t\t\t<script src=\"https:\/\/www.google.com\/recaptcha\/api.js\"><\/script>\r\n\t\t\t\t\t\t\t\t\t<div class=\"g-recaptcha\" data-sitekey=\"6LclgAoUAAAAADmcZsFMpc7uDlwrhXxA1bdji251\"><\/div>\r\n\t\t\t\t\t\t\t\t\t<input type=\"hidden\" name=\"ufbl_field_7\"\/>\r\n\t\t\t\t\t\t\t\t\r\n\t\t\t\t\t\t\t\t<div class=\"ufbl-error\" data-error-key=\"ufbl_field_7\"><\/div>\r\n\t\t\t\t\t\t\t<\/div>\r\n\t\t\t\t\t\t<\/div>\r\n\t\t\t\t\t\t\t\t\t\t\t\t<div class=\"ufbl-form-field-wrap \" >\r\n\t\t\t\t\t\t\t<div class=\"ufbl-form-field\">\r\n\t\t\t\t\t\t\t\t<input type=\"submit\" class=\"ufbl-form-submit\" name=\"ufbl_field_6\" value=\"Submit\"\/>\r\n\t\t\t\t\t\t\t\t\t\t\t\t\t\t\t\t<span class=\"ufbl-form-loader\" style=\"display:none\"><\/span>\r\n\t\t\t\t\t\t\t<\/div>\r\n\t\t\t\t\t\t<\/div>\r\n\t\t\t\t\t\t\t\t<div class=\"ufbl-form-message\" style=\"display: none;\"><\/div>\r\n\r\n\t\t\t<\/form>\r\n\r\n<\/div>\r\n\r\n[\/vc_column_text][\/vc_column][vc_column width=&#8220;1\/6&#8243;][\/vc_column][\/vc_row][vc_row gap=&#8220;10&#8243; equal_height=&#8220;yes&#8220; css=&#8220;.vc_custom_1476512577551{padding-top: 30px !important;}&#8220;][vc_column width=&#8220;1\/2&#8243;][vc_column_text css=&#8220;.vc_custom_1481152454086{padding-top: 10px !important;padding-right: 10px !important;padding-bottom: 10px !important;padding-left: 10px !important;background-color: #f2f2f2 !important;}&#8220;]<\/p>\n<h4 class=\"auto-style1\" style=\"text-align: center;\" align=\"left\">Schweiz<\/h4>\n<p class=\"auto-style1\" style=\"text-align: center;\"><strong>CSM Systems AG (Head office)<\/strong><\/p>\n<p class=\"auto-style1\" style=\"text-align: center;\">Apothekerstrasse 5<br \/>\nCH-8610 Uster<br \/>\nSwitzerland<br \/>\n<strong>Tel:<\/strong> \u00a0+41 (0)<span lang=\"de\">44<\/span> 905 7676<br \/>\n<strong>Fax:<\/strong> +41 (0)<span lang=\"de\">44<\/span> 905 7670<\/p>\n<p>[\/vc_column_text][vc_gmaps link=&#8220;#E-8_JTNDaWZyYW1lJTIwc3JjJTNEJTIyaHR0cHMlM0ElMkYlMkZ3d3cuZ29vZ2xlLmNvbSUyRm1hcHMlMkZlbWJlZCUzRnBiJTNEJTIxMW0xOCUyMTFtMTIlMjExbTMlMjExZDI3MDMuMzE2OTY5MDAzMDkyJTIxMmQ4LjcxMzI3MzUxNTE5NTIyOCUyMTNkNDcuMzQ3MjA5Mjc5MTY4MzI1JTIxMm0zJTIxMWYwJTIxMmYwJTIxM2YwJTIxM20yJTIxMWkxMDI0JTIxMmk3NjglMjE0ZjEzLjElMjEzbTMlMjExbTIlMjExczB4NDc5YWE0YTViZjBjMjBjOSUyNTNBMHgxMDI2ZGEwZmM2OGE5NjViJTIxMnNBcG90aGVrZXJzdHJhc3NlJTJCNSUyNTJDJTJCODYxMCUyQlVzdGVyJTI1MkMlMkJTd2l0emVybGFuZCUyMTVlMCUyMTNtMiUyMTFzZW4lMjEyc214JTIxNHYxNDc2NTEyNDAxNjI3JTIyJTIwd2lkdGglM0QlMjI2MDAlMjIlMjBoZWlnaHQlM0QlMjI0NTAlMjIlMjBmcmFtZWJvcmRlciUzRCUyMjAlMjIlMjBzdHlsZSUzRCUyMmJvcmRlciUzQTAlMjIlMjBhbGxvd2Z1bGxzY3JlZW4lM0UlM0MlMkZpZnJhbWUlM0U=&#8220; size=&#8220;200px&#8220;][\/vc_column][vc_column width=&#8220;1\/2&#8243;][vc_column_text css=&#8220;.vc_custom_1481151917864{padding-top: 10px !important;padding-right: 10px !important;padding-bottom: 10px !important;padding-left: 10px !important;background-color: #f2f2f2 !important;}&#8220;]<\/p>\n<h4 class=\"auto-style1\" style=\"text-align: center;\" align=\"left\">Germany<strong><u><br \/>\n<\/u><\/strong><\/h4>\n<p class=\"auto-style3\" style=\"text-align: center;\"><strong>CSM Systems AG<\/strong> <strong>(Deutschland)<br \/>\n<\/strong>c\/o Weber Hess Diepenbeck<strong><br \/>\n<\/strong>Grafenbergeralle 401<br \/>\n40235 Dusseldorf<br \/>\nGermany<br \/>\n<strong>Tel:<\/strong> \u00a0+41 (0)1 905 7676<br \/>\n<strong>Fax:<\/strong> +41 (0)1 905 7670<\/p>\n<p>[\/vc_column_text][vc_gmaps link=&#8220;#E-8_JTNDaWZyYW1lJTIwc3JjJTNEJTIyaHR0cHMlM0ElMkYlMkZ3d3cuZ29vZ2xlLmNvbSUyRm1hcHMlMkZlbWJlZCUzRnBiJTNEJTIxMW0xOCUyMTFtMTIlMjExbTMlMjExZDI0OTcuODIwMjQyMjQxNzI0NCUyMTJkNi44MjQyMzA2MTUzNjYyOTklMjEzZDUxLjI0MDgwNTM3OTU5MjE4JTIxMm0zJTIxMWYwJTIxMmYwJTIxM2YwJTIxM20yJTIxMWkxMDI0JTIxMmk3NjglMjE0ZjEzLjElMjEzbTMlMjExbTIlMjExczB4NDdiOGM5NjVkYWY1ZmMzNyUyNTNBMHhiOTQ5MjcwNzFjNTc4YzVmJTIxMnNHcmFmZW5iZXJnZXIlMkJBbGxlZSUyQjQwMSUyNTJDJTJCNDAyMzUlMkJEJTI1QzMlMjVCQ3NzZWxkb3JmJTI1MkMlMkJHZXJtYW55JTIxNWUwJTIxM20yJTIxMXNlbiUyMTJzbXglMjE0djE0NzY1MTI0NDA4MzYlMjIlMjB3aWR0aCUzRCUyMjYwMCUyMiUyMGhlaWdodCUzRCUyMjQ1MCUyMiUyMGZyYW1lYm9yZGVyJTNEJTIyMCUyMiUyMHN0eWxlJTNEJTIyYm9yZGVyJTNBMCUyMiUyMGFsbG93ZnVsbHNjcmVlbiUzRSUzQyUyRmlmcmFtZSUzRQ==&#8220; size=&#8220;200px&#8220;][\/vc_column][\/vc_row][vc_row gap=&#8220;10&#8243; equal_height=&#8220;yes&#8220; css=&#8220;.vc_custom_1476512577551{padding-top: 30px !important;}&#8220;][vc_column width=&#8220;1\/2&#8243;][vc_column_text css=&#8220;.vc_custom_1476512296176{padding: 10px !important;background-color: #f2f2f2 !important;}&#8220;]<\/p>\n<h4 class=\"auto-style1\" style=\"text-align: center;\" align=\"left\">South Africa<u><\/u><\/h4>\n<p class=\"auto-style1\" style=\"text-align: center;\" align=\"left\"><strong>CSM Systems<span lang=\"de\"> SA (Pty) Ltd.<br \/>\n<\/span><\/strong>Saffer House, Middle Floor<br \/>\n3 Cambridge Place<br \/>\nBedfordview 2007<br \/>\nSouth Africa<br \/>\n<strong>Tel:<\/strong> \u00a0+27 (0)11 615 26 47<br \/>\n<strong>Fax:<\/strong> +27 (0)11 615 42 42<\/p>\n<p>[\/vc_column_text][vc_gmaps link=&#8220;#E-8_JTNDaWZyYW1lJTIwc3JjJTNEJTIyaHR0cHMlM0ElMkYlMkZ3d3cuZ29vZ2xlLmNvbSUyRm1hcHMlMkZlbWJlZCUzRnBiJTNEJTIxMW0xOCUyMTFtMTIlMjExbTMlMjExZDM1ODAuMDY0MTMyMDQxNTk0MyUyMTJkMjguMTIwMDI2MzE0NDY1MjY3JTIxM2QtMjYuMTk0NTkxOTgzNDQyMTY2JTIxMm0zJTIxMWYwJTIxMmYwJTIxM2YwJTIxM20yJTIxMWkxMDI0JTIxMmk3NjglMjE0ZjEzLjElMjEzbTMlMjExbTIlMjExczB4MWU5NTExZTUxNTFmM2ZhZCUyNTNBMHhhNTYyNzgyMDBkMDQzNDc3JTIxMnNDYW1icmlkZ2UlMkJQbGFjZSUyMTVlMCUyMTNtMiUyMTFzZW4lMjEyc214JTIxNHYxNDc2NTEyNTA5MzY2JTIyJTIwd2lkdGglM0QlMjI2MDAlMjIlMjBoZWlnaHQlM0QlMjI0NTAlMjIlMjBmcmFtZWJvcmRlciUzRCUyMjAlMjIlMjBzdHlsZSUzRCUyMmJvcmRlciUzQTAlMjIlMjBhbGxvd2Z1bGxzY3JlZW4lM0UlM0MlMkZpZnJhbWUlM0U=&#8220; size=&#8220;200px&#8220;][\/vc_column][vc_column width=&#8220;1\/2&#8243;][vc_column_text css=&#8220;.vc_custom_1482413502528{padding-top: 10px !important;padding-right: 10px !important;padding-bottom: 10px !important;padding-left: 10px !important;background-color: #f2f2f2 !important;}&#8220;]<\/p>\n<h4 class=\"auto-style1\" style=\"text-align: center;\" align=\"left\">United States<u><\/u><\/h4>\n<p class=\"auto-style1\" style=\"text-align: center;\" align=\"left\"><strong>CSM Systems<span lang=\"de\"> AG (USA)<\/span><\/strong><\/p>\n<p class=\"auto-style1\" style=\"text-align: center;\" align=\"left\">CSM Systems<br \/>\n111 W.Jackson Suite 1700<br \/>\nChicago, IL 60604<br \/>\n<strong>Tel:<\/strong>\u00a0+1 312-675-6030<\/p>\n<p>[\/vc_column_text][vc_gmaps link=&#8220;#E-8_JTNDaWZyYW1lJTIwc3JjJTNEJTIyaHR0cHMlM0ElMkYlMkZ3d3cuZ29vZ2xlLmNvbSUyRm1hcHMlMkZlbWJlZCUzRnBiJTNEJTIxMW0xOCUyMTFtMTIlMjExbTMlMjExZDI5NzAuNjk5MTkxNzUyMzQyJTIxMmQtODcuNjMzNDY0NjgzOTE2MTclMjEzZDQxLjg3NzgxNzk3OTIyMjI2NCUyMTJtMyUyMTFmMCUyMTJmMCUyMTNmMCUyMTNtMiUyMTFpMTAyNCUyMTJpNzY4JTIxNGYxMy4xJTIxM20zJTIxMW0yJTIxMXMweDg4MGUyY2JkYWI3Y2Q1MzclMjUzQTB4NTliY2IyYThjYTEwYjkzMSUyMTJzUmVndXMlMkJDaGljYWdvJTIxNWUwJTIxM20yJTIxMXNlbiUyMTJzdXMlMjE0djE0ODExMjMzODAyMTklMjIlMjB3aWR0aCUzRCUyMjYwMCUyMiUyMGhlaWdodCUzRCUyMjQ1MCUyMiUyMGZyYW1lYm9yZGVyJTNEJTIyMCUyMiUyMHN0eWxlJTNEJTIyYm9yZGVyJTNBMCUyMiUyMGFsbG93ZnVsbHNjcmVlbiUzRSUzQyUyRmlmcmFtZSUzRQ==&#8220; size=&#8220;200px&#8220;][\/vc_column][\/vc_row]<\/p>","protected":false},"excerpt":{"rendered":"<p>[vc_row full_width=&#8220;stretch_row&#8220; css=&#8220;.vc_custom_1476511469183{padding-top: 50px !important;padding-bottom: 50px !important;background-image: url(http:\/\/diames.com\/wp-content\/uploads\/2016\/09\/bg-header.jpg?id=100) !important;}&#8220;][vc_column][vc_custom_heading text=&#8220;KONTAKTIEREN SIE UNS&#8220; font_container=&#8220;tag:h1|text_align:center|color:%23ffffff&#8220; use_theme_fonts=&#8220;yes&#8220;][\/vc_column][\/vc_row][vc_row][vc_column][vc_column_text] Unabh\u00e4ngig von der jeweiligen Produktionsindustrie-Branche ist eine MES Implementation, wie DIAMES, heute praktisch ein Muss, um mittel bis langfristig als Unternehmen \u00fcberleben zu k\u00f6nnen und dabei konkurrenzf\u00e4hig zu bleiben. Ein MES, komplement\u00e4r zu einem ERP eigesetzt, ist heute anerkannte Basis, um [&hellip;]<\/p>\n","protected":false},"author":1,"featured_media":0,"parent":0,"menu_order":0,"comment_status":"closed","ping_status":"closed","template":"","meta":[],"_links":{"self":[{"href":"http:\/\/diames.com\/de\/wp-json\/wp\/v2\/pages\/76"}],"collection":[{"href":"http:\/\/diames.com\/de\/wp-json\/wp\/v2\/pages"}],"about":[{"href":"http:\/\/diames.com\/de\/wp-json\/wp\/v2\/types\/page"}],"author":[{"embeddable":true,"href":"http:\/\/diames.com\/de\/wp-json\/wp\/v2\/users\/1"}],"replies":[{"embeddable":true,"href":"http:\/\/diames.com\/de\/wp-json\/wp\/v2\/comments?post=76"}],"version-history":[{"count":33,"href":"http:\/\/diames.com\/de\/wp-json\/wp\/v2\/pages\/76\/revisions"}],"predecessor-version":[{"id":76323,"href":"http:\/\/diames.com\/de\/wp-json\/wp\/v2\/pages\/76\/revisions\/76323"}],"wp:attachment":[{"href":"http:\/\/diames.com\/de\/wp-json\/wp\/v2\/media?parent=76"}],"curies":[{"name":"wp","href":"https:\/\/api.w.org\/{rel}","templated":true}]}}