{"id":9,"date":"2016-09-23T15:06:12","date_gmt":"2016-09-23T15:06:12","guid":{"rendered":"http:\/\/iwebcontent.com\/diames\/?page_id=9"},"modified":"2017-01-26T23:24:37","modified_gmt":"2017-01-27T04:24:37","slug":"about-us","status":"publish","type":"page","link":"http:\/\/diames.com\/de\/about-us\/","title":{"rendered":"\u00dcber Uns"},"content":{"rendered":"<p>[vc_row full_width=&#8220;stretch_row&#8220; css=&#8220;.vc_custom_1476494250517{padding-top: 50px !important;padding-bottom: 50px !important;background-image: url(http:\/\/diames.com\/wp-content\/uploads\/2016\/09\/bg-header.jpg?id=100) !important;}&#8220;][vc_column][vc_custom_heading text=&#8220;\u00dcBER UNS&#8220; font_container=&#8220;tag:h1|text_align:center|color:%23ffffff&#8220; use_theme_fonts=&#8220;yes&#8220;][vc_custom_heading text=&#8220;We provide smart manufacturing to increase efficiency and lower costs.<br \/>\n&#8220; font_container=&#8220;tag:h4|text_align:center|color:%23ffffff&#8220; use_theme_fonts=&#8220;yes&#8220;][\/vc_column][\/vc_row][vc_row][vc_column][vc_column_text]<\/p>\n<h2>Wer sind wir<\/h2>\n<p><img class=\"size-full wp-image-76174 alignright\" src=\"http:\/\/diames.com\/wp-content\/uploads\/2016\/09\/DIAMES-About-Us-What-We-Do-.jpg\" alt=\"diames-about-us-what-we-do\" width=\"250\" srcset=\"http:\/\/diames.com\/wp-content\/uploads\/2016\/09\/DIAMES-About-Us-What-We-Do-.jpg 1000w, http:\/\/diames.com\/wp-content\/uploads\/2016\/09\/DIAMES-About-Us-What-We-Do--300x200.jpg 300w, http:\/\/diames.com\/wp-content\/uploads\/2016\/09\/DIAMES-About-Us-What-We-Do--768x512.jpg 768w\" sizes=\"(max-width: 1000px) 100vw, 1000px\" \/>Computer Supported Manufacturing Systems AG (CSM) wurde 1985 in der Schweiz gegr\u00fcndet; mit dem Ziel proaktive Produktionsf\u00fchrungssysteme zu entwickeln. DIAMES ist der aktuelle Name der registrierten Produktefamilie, die zur Kategorie der MES Komponenten geh\u00f6rt. CSM\u2019s Aktivit\u00e4ten sind neben dem System-Design, der Softwareentwicklung, Systeminstallation und kundenspezifischen Konfiguration auch die langj\u00e4hrige Unterst\u00fctzung der weltweit verteilten Kunden. Insbesondere auch mit nachtr\u00e4glichen kundenspezifischen Systemerweiterungen und zus\u00e4tzliche Integration der DIAMES Plattform in neue produktionsbezogene IT Infrastrukturen.<\/p>\n<p>&nbsp;<\/p>\n<h2>Was tun wir<\/h2>\n<p>CSM versteht unter MES Integration den professionellen Ansatz mit Methodologie kombiniert mit Technologie die optimale Kunden-L\u00f6sung f\u00fcr eine effektivere und effizientere Produktionsprozess-Abwicklung zu erzielen. Resultat muss immer eine rasch erzielte nachhaltig h\u00f6here Produktivit\u00e4t sein.<\/p>\n<p>Dazu haben wir als Technologie-Komponente das DIAMES Portfolio geschaffen und haben dabei immer die f\u00fchrenden ERP Systeme wie zum Beispiel SAP\u2122, Microsoft Dynamics, Epicor, JDE, Infor ERP und andere als komplement\u00e4re f\u00fchrende Komponenten ber\u00fccksichtigt.<\/p>\n<p>Als MES Systemberater analysieren wir das kundenspezifische Produktionsumfeld, die besonderen Bed\u00fcrfnisse des Kunden und machen dann auf dieser Basis das individuelle Angebot f\u00fcr die optimale DIAMES Infrastruktur. Wen vom Kunden akzeptiert, bilden wir intern das Projektteam, um mit dem Kunden und seinem Projektteam das Projekt im definierten Kosten- und Zeitrahmen umzusetzen.<\/p>\n<p>&nbsp;<\/p>\n<h2>Unser Ziel<\/h2>\n<p>Schl\u00fcsselgr\u00f6\u00dfe jeder korrekt aufgesetzten Manufacturing Operation Management Organisation ist die F\u00e4higkeit m\u00f6glichst rasch und effizient die firmen- und produktionsprozesskritischen Elemente zu erkennen und dann mit gezielten Ma\u00dfnahmen die Produktivit\u00e4t nachhaltig zu verbessern. DIAMES ist das Werkzeug das transparent und zeitverzugslos die Schl\u00fcsselinformationen aus den Produktionsprozessen dazu liefert.<br \/>\nUnser Ziel ist, produzierenden Unternehmen auf dieser Basis die M\u00f6glichkeiten zu schaffen, um letztendlich mit kleineren Kosten und minimalem Aufwand die maximale Produktivit\u00e4t auf h\u00f6herem Qualit\u00e4tslevel zu erreichen.[\/vc_column_text][\/vc_column][\/vc_row][vc_row][vc_column][vc_column_text]<\/p>\n<h2>Wer sind unsere Kunden<\/h2>\n<p><img loading=\"lazy\" class=\"wp-image-76173 alignright\" src=\"http:\/\/diames.com\/wp-content\/uploads\/2016\/09\/DIAMES-About-Us-Who-We-Serve-image-.jpg\" alt=\"diames-about-us-who-we-serve-image\" width=\"240\" height=\"187\" srcset=\"http:\/\/diames.com\/wp-content\/uploads\/2016\/09\/DIAMES-About-Us-Who-We-Serve-image-.jpg 1000w, http:\/\/diames.com\/wp-content\/uploads\/2016\/09\/DIAMES-About-Us-Who-We-Serve-image--300x234.jpg 300w, http:\/\/diames.com\/wp-content\/uploads\/2016\/09\/DIAMES-About-Us-Who-We-Serve-image--768x599.jpg 768w\" sizes=\"(max-width: 240px) 100vw, 240px\" \/>Im Prinzip alle produzierenden Unternehmen, die mit einer IT basierten Produktionsplanung Plattform die notwendigen Voraussetzungen geschaffen haben, um mit DIAMES als MES Plattform die Produktionsplanung und deren Ausf\u00fchrung logisch zu verbinden und zu integrieren.<\/p>\n<p>Kleine lokale, wie auch international vernetzt ausgerichtete Unternehmen haben, wenn die genannte Voraussetzung geschaffen war, innert k\u00fcrzester Zeit ihre Produktivit\u00e4t mit den existierenden Produktionsmitteln signifikant und nachhaltig verbessert. Wenn die DIAMES Funktionalit\u00e4t konsequent genutzt wird, sind auch in gut gef\u00fchrten Unternehmen Produktivit\u00e4tsverbesserungen bis zu 30% eine realistische Gr\u00f6\u00dfe. ROI f\u00fcr solche Projekte sind in der Regel zwischen 6 und 12 Monaten.<\/p>\n<p>Es existieren auf vier Kontinenten DIAMES Kunden in verschiedenen Industrien; vornehmlich in den Bereichen:<\/p>\n<ul>\n<li>Automotive (Zulieferer)<\/li>\n<li>Electronic<\/li>\n<li>Draht &amp; Kabel<\/li>\n<li>Chemische Prozessindustrie<\/li>\n<li>Plastik und Metall Verarbeitung<\/li>\n<li>Textil<\/li>\n<li>und viele andere hoch spezialisierte Industriebereiche<\/li>\n<\/ul>\n<p>&nbsp;<\/p>\n<h2>Wir denken, dass wir auch f\u00fcr Ihr produzierendes Unternehmen die richtige MES-L\u00f6sung haben!<\/h2>\n<p>MES als generelle L\u00f6sung f\u00fcr die proaktive Produktionsf\u00fchrung, als komplement\u00e4re Komponente zu einem ERP System existieren, seit mehr als drei\u00dfig Jahren. Mit verschiedenen Auspr\u00e4gungsformen, Funktionalit\u00e4t und Reifegrad gibt es in Europa mehr als 100 MES Anbieter.<\/p>\n<p>Die Europ\u00e4ische Industrie 4.0 und die Amerikanische IIoT Initiativen zeigen ganz klar, dass MES entsprechend ausgepr\u00e4gt, die Plattform sein wird, die die physische Produktionsumgebung logisch in neue IT-Welt der Produktionsunternehmen einbinden wird. Die aktuelle Version von DIAMES tr\u00e4gt diesen Anforderungen bereits Rechnung.<\/p>\n<p>Gerne helfen wir Ihnen mit DIAMES Ihre Produktionswelt mit entsprechenden Erweiterungen phasenweise, Schritt f\u00fcr Schritt, als \u201cSmart Manufacturing\u201d Komponente zu integrieren. Wir freuen uns auf Ihren Anruf zeigen Ihnen den Weg zu Ihrer MES Welt.[\/vc_column_text][\/vc_column][\/vc_row]<\/p>","protected":false},"excerpt":{"rendered":"<p>[vc_row full_width=&#8220;stretch_row&#8220; css=&#8220;.vc_custom_1476494250517{padding-top: 50px !important;padding-bottom: 50px !important;background-image: url(http:\/\/diames.com\/wp-content\/uploads\/2016\/09\/bg-header.jpg?id=100) !important;}&#8220;][vc_column][vc_custom_heading text=&#8220;\u00dcBER UNS&#8220; font_container=&#8220;tag:h1|text_align:center|color:%23ffffff&#8220; use_theme_fonts=&#8220;yes&#8220;][vc_custom_heading text=&#8220;We provide smart manufacturing to increase efficiency and lower costs. &#8220; font_container=&#8220;tag:h4|text_align:center|color:%23ffffff&#8220; use_theme_fonts=&#8220;yes&#8220;][\/vc_column][\/vc_row][vc_row][vc_column][vc_column_text] Wer sind wir Computer Supported Manufacturing Systems AG (CSM) wurde 1985 in der Schweiz gegr\u00fcndet; mit dem Ziel proaktive Produktionsf\u00fchrungssysteme zu entwickeln. DIAMES ist der aktuelle Name der registrierten [&hellip;]<\/p>\n","protected":false},"author":1,"featured_media":0,"parent":0,"menu_order":0,"comment_status":"closed","ping_status":"closed","template":"","meta":[],"_links":{"self":[{"href":"http:\/\/diames.com\/de\/wp-json\/wp\/v2\/pages\/9"}],"collection":[{"href":"http:\/\/diames.com\/de\/wp-json\/wp\/v2\/pages"}],"about":[{"href":"http:\/\/diames.com\/de\/wp-json\/wp\/v2\/types\/page"}],"author":[{"embeddable":true,"href":"http:\/\/diames.com\/de\/wp-json\/wp\/v2\/users\/1"}],"replies":[{"embeddable":true,"href":"http:\/\/diames.com\/de\/wp-json\/wp\/v2\/comments?post=9"}],"version-history":[{"count":24,"href":"http:\/\/diames.com\/de\/wp-json\/wp\/v2\/pages\/9\/revisions"}],"predecessor-version":[{"id":76324,"href":"http:\/\/diames.com\/de\/wp-json\/wp\/v2\/pages\/9\/revisions\/76324"}],"wp:attachment":[{"href":"http:\/\/diames.com\/de\/wp-json\/wp\/v2\/media?parent=9"}],"curies":[{"name":"wp","href":"https:\/\/api.w.org\/{rel}","templated":true}]}}